{"id":624,"date":"2020-02-07T01:36:33","date_gmt":"2020-02-07T01:36:33","guid":{"rendered":"https:\/\/demo2wpopal.b-cdn.net\/ekommart\/?page_id=624"},"modified":"2025-11-22T09:31:23","modified_gmt":"2025-11-22T08:31:23","slug":"about-page","status":"publish","type":"page","link":"https:\/\/www.dm-boutique.fr\/?page_id=624","title":{"rendered":"\u00c0 propos de nous"},"content":{"rendered":"\t\t<div data-elementor-type=\"wp-page\" data-elementor-id=\"624\" class=\"elementor elementor-624\" data-elementor-post-type=\"page\">\n\t\t\t\t\t\t<section class=\"elementor-section elementor-top-section elementor-element elementor-element-51d8e10 elementor-section-stretched elementor-section-boxed elementor-section-height-default elementor-section-height-default\" data-id=\"51d8e10\" data-element_type=\"section\" data-settings=\"{&quot;background_background&quot;:&quot;classic&quot;,&quot;stretch_section&quot;:&quot;section-stretched&quot;}\">\n\t\t\t\t\t\t<div class=\"elementor-container elementor-column-gap-no\">\n\t\t\t\t\t<div class=\"elementor-column elementor-col-50 elementor-top-column elementor-element elementor-element-2c453b5\" data-id=\"2c453b5\" data-element_type=\"column\">\n\t\t\t<div class=\"elementor-widget-wrap elementor-element-populated\">\n\t\t\t\t\t\t<div class=\"elementor-element elementor-element-38c9855 elementor-widget elementor-widget-image\" data-id=\"38c9855\" data-element_type=\"widget\" data-widget_type=\"image.default\">\n\t\t\t\t\t\t\t\t\t\t\t\t\t\t\t<img fetchpriority=\"high\" decoding=\"async\" width=\"2560\" height=\"2268\" src=\"https:\/\/www.dm-boutique.fr\/wp-content\/uploads\/2025\/11\/1763799075440-scaled.jpg\" class=\"attachment-full size-full wp-image-8558\" alt=\"\" srcset=\"https:\/\/www.dm-boutique.fr\/wp-content\/uploads\/2025\/11\/1763799075440-scaled.jpg 2560w, https:\/\/www.dm-boutique.fr\/wp-content\/uploads\/2025\/11\/1763799075440-300x266.jpg 300w, https:\/\/www.dm-boutique.fr\/wp-content\/uploads\/2025\/11\/1763799075440-1024x907.jpg 1024w, https:\/\/www.dm-boutique.fr\/wp-content\/uploads\/2025\/11\/1763799075440-768x680.jpg 768w, https:\/\/www.dm-boutique.fr\/wp-content\/uploads\/2025\/11\/1763799075440-1536x1361.jpg 1536w, https:\/\/www.dm-boutique.fr\/wp-content\/uploads\/2025\/11\/1763799075440-2048x1814.jpg 2048w, https:\/\/www.dm-boutique.fr\/wp-content\/uploads\/2025\/11\/1763799075440-75x65.jpg 75w, https:\/\/www.dm-boutique.fr\/wp-content\/uploads\/2025\/11\/1763799075440-600x531.jpg 600w\" sizes=\"(max-width: 2560px) 100vw, 2560px\" \/>\t\t\t\t\t\t\t\t\t\t\t\t\t\t\t<\/div>\n\t\t\t\t\t<\/div>\n\t\t<\/div>\n\t\t\t\t<div class=\"elementor-column elementor-col-50 elementor-top-column elementor-element elementor-element-bbf00b8\" data-id=\"bbf00b8\" data-element_type=\"column\">\n\t\t\t<div class=\"elementor-widget-wrap elementor-element-populated\">\n\t\t\t\t\t\t<div class=\"elementor-element elementor-element-57b8d5c elementor-widget elementor-widget-heading\" data-id=\"57b8d5c\" data-element_type=\"widget\" data-widget_type=\"heading.default\">\n\t\t\t\t\t<h2 class=\"elementor-heading-title elementor-size-default\">\u00c0 propos de DM Boutique<\/h2>\t\t\t\t<\/div>\n\t\t\t\t<div class=\"elementor-element elementor-element-98bb993 elementor-widget elementor-widget-text-editor\" data-id=\"98bb993\" data-element_type=\"widget\" data-widget_type=\"text-editor.default\">\n\t\t\t\t\t\t\t\t\t<h2 data-start=\"309\" data-end=\"358\"><strong data-start=\"312\" data-end=\"358\">Notre mission : \u00e9quiper ceux qui prot\u00e8gent<\/strong><\/h2><p data-start=\"359\" data-end=\"606\">Chez <strong data-start=\"364\" data-end=\"379\">DM Boutique<\/strong>, nous concevons et s\u00e9lectionnons des tenues professionnelles pens\u00e9es pour les agents de s\u00e9curit\u00e9, les \u00e9quipes d\u2019intervention, les forces op\u00e9rationnelles et tous les m\u00e9tiers o\u00f9 la fiabilit\u00e9 de l\u2019\u00e9quipement n\u2019est pas n\u00e9gociable.<\/p><p data-start=\"608\" data-end=\"813\">Notre engagement est simple : <strong data-start=\"638\" data-end=\"707\">proposer des v\u00eatements robustes, techniques et adapt\u00e9s au terrain<\/strong>, capables d\u2019accompagner les professionnels dans toutes leurs missions, quelles que soient les conditions.<\/p>\t\t\t\t\t\t\t\t<\/div>\n\t\t\t\t<section class=\"elementor-section elementor-inner-section elementor-element elementor-element-e715840 elementor-section-content-top elementor-section-boxed elementor-section-height-default elementor-section-height-default\" data-id=\"e715840\" data-element_type=\"section\">\n\t\t\t\t\t\t<div class=\"elementor-container elementor-column-gap-no\">\n\t\t\t\t\t<div class=\"elementor-column elementor-col-50 elementor-inner-column elementor-element elementor-element-448b43c\" data-id=\"448b43c\" data-element_type=\"column\">\n\t\t\t<div class=\"elementor-widget-wrap elementor-element-populated\">\n\t\t\t\t\t\t<div class=\"elementor-element elementor-element-15f9343 elementor-view-default elementor-widget elementor-widget-icon\" data-id=\"15f9343\" data-element_type=\"widget\" data-widget_type=\"icon.default\">\n\t\t\t\t\t\t\t<div class=\"elementor-icon-wrapper\">\n\t\t\t<div class=\"elementor-icon\">\n\t\t\t<i aria-hidden=\"true\" class=\"ekommart-icon- ekommart-icon-quote\"><\/i>\t\t\t<\/div>\n\t\t<\/div>\n\t\t\t\t\t\t<\/div>\n\t\t\t\t\t<\/div>\n\t\t<\/div>\n\t\t\t\t<div class=\"elementor-column elementor-col-50 elementor-inner-column elementor-element elementor-element-4b3be3d\" data-id=\"4b3be3d\" data-element_type=\"column\">\n\t\t\t<div class=\"elementor-widget-wrap elementor-element-populated\">\n\t\t\t\t\t\t<div class=\"elementor-element elementor-element-68c7ca1 elementor-widget elementor-widget-ekommart-testimonials\" data-id=\"68c7ca1\" data-element_type=\"widget\" data-widget_type=\"ekommart-testimonials.default\">\n\t\t\t\t<div class=\"elementor-widget-container\">\n\t\t\t\t\t            <div class=\"elementor-testimonial-item-wrapper\">\n                <div class=\"row\" data-elementor-columns=\"1\">\n                                            <div class=\"column-item elementor-testimonial-item\">\n                            <div class=\"item-box\">\n\n                                <span class=\"title\">\n                                                                    <\/span>\n\n                                <div class=\"icon\">\n                                    <span class=\"icon-inner\">\n                                        <i class=\"\"><\/i>\n                                    <\/span>\n                                <\/div>\n\n                                <div class=\"content\">\n                                    On reconna\u00eet les professionnels \u00e0 ce qu\u2019ils exigent d\u2019eux-m\u00eames, plus que ce que les autres exigent d\u2019eux.                                <\/div>\n\n                                                                    <span class=\"testimonial-decor\"><\/span>\n                                \n                                \n                                <div class=\"details\">\n                                                                        <div class=\"name\">Albert Einstein<\/div>\n                                    <div class=\"job\"><\/div>\n                                <\/div>\n\n                            <\/div>\n                        <\/div>\n                                    <\/div>\n            <\/div>\n            \t\t\t\t<\/div>\n\t\t\t\t<\/div>\n\t\t\t\t\t<\/div>\n\t\t<\/div>\n\t\t\t\t\t<\/div>\n\t\t<\/section>\n\t\t\t\t\t<\/div>\n\t\t<\/div>\n\t\t\t\t\t<\/div>\n\t\t<\/section>\n\t\t\t\t<section class=\"elementor-section elementor-top-section elementor-element elementor-element-a467428 elementor-section-stretched elementor-section-boxed elementor-section-height-default elementor-section-height-default\" data-id=\"a467428\" data-element_type=\"section\" data-settings=\"{&quot;stretch_section&quot;:&quot;section-stretched&quot;,&quot;background_background&quot;:&quot;classic&quot;}\">\n\t\t\t\t\t\t<div class=\"elementor-container elementor-column-gap-no\">\n\t\t\t\t\t<div class=\"elementor-column elementor-col-100 elementor-top-column elementor-element elementor-element-4255dab\" data-id=\"4255dab\" data-element_type=\"column\">\n\t\t\t<div class=\"elementor-widget-wrap elementor-element-populated\">\n\t\t\t\t\t\t<div class=\"elementor-element elementor-element-6e10591 elementor-widget elementor-widget-heading\" data-id=\"6e10591\" data-element_type=\"widget\" data-widget_type=\"heading.default\">\n\t\t\t\t\t<h2 class=\"elementor-heading-title elementor-size-default\">Une expertise n\u00e9e du terrain...<\/h2>\t\t\t\t<\/div>\n\t\t\t\t\t<\/div>\n\t\t<\/div>\n\t\t\t\t\t<\/div>\n\t\t<\/section>\n\t\t\t\t<section class=\"elementor-section elementor-top-section elementor-element elementor-element-7af5fbe elementor-section-boxed elementor-section-height-default elementor-section-height-default\" data-id=\"7af5fbe\" data-element_type=\"section\">\n\t\t\t\t\t\t<div class=\"elementor-container elementor-column-gap-no\">\n\t\t\t\t\t<div class=\"elementor-column elementor-col-100 elementor-top-column elementor-element elementor-element-562403e\" data-id=\"562403e\" data-element_type=\"column\">\n\t\t\t<div class=\"elementor-widget-wrap elementor-element-populated\">\n\t\t\t\t\t\t<div class=\"elementor-element elementor-element-48e8c42 elementor-widget elementor-widget-image\" data-id=\"48e8c42\" data-element_type=\"widget\" data-widget_type=\"image.default\">\n\t\t\t\t\t\t\t\t\t\t\t\t\t\t\t<img decoding=\"async\" width=\"980\" height=\"784\" src=\"https:\/\/www.dm-boutique.fr\/wp-content\/uploads\/2025\/11\/1763799506013-1024x819.jpg\" class=\"attachment-large size-large wp-image-8563\" alt=\"\" srcset=\"https:\/\/www.dm-boutique.fr\/wp-content\/uploads\/2025\/11\/1763799506013-1024x819.jpg 1024w, https:\/\/www.dm-boutique.fr\/wp-content\/uploads\/2025\/11\/1763799506013-300x240.jpg 300w, https:\/\/www.dm-boutique.fr\/wp-content\/uploads\/2025\/11\/1763799506013-768x614.jpg 768w, https:\/\/www.dm-boutique.fr\/wp-content\/uploads\/2025\/11\/1763799506013-1536x1229.jpg 1536w, https:\/\/www.dm-boutique.fr\/wp-content\/uploads\/2025\/11\/1763799506013-2048x1638.jpg 2048w, https:\/\/www.dm-boutique.fr\/wp-content\/uploads\/2025\/11\/1763799506013-600x480.jpg 600w\" sizes=\"(max-width: 980px) 100vw, 980px\" \/>\t\t\t\t\t\t\t\t\t\t\t\t\t\t\t<\/div>\n\t\t\t\t\t<\/div>\n\t\t<\/div>\n\t\t\t\t\t<\/div>\n\t\t<\/section>\n\t\t\t\t<section class=\"elementor-section elementor-top-section elementor-element elementor-element-b8d6cce elementor-section-stretched elementor-hidden-phone elementor-section-boxed elementor-section-height-default elementor-section-height-default\" data-id=\"b8d6cce\" data-element_type=\"section\" data-settings=\"{&quot;stretch_section&quot;:&quot;section-stretched&quot;,&quot;background_background&quot;:&quot;classic&quot;}\">\n\t\t\t\t\t\t<div class=\"elementor-container elementor-column-gap-no\">\n\t\t\t\t\t<div class=\"elementor-column elementor-col-100 elementor-top-column elementor-element elementor-element-6590a3d\" data-id=\"6590a3d\" data-element_type=\"column\">\n\t\t\t<div class=\"elementor-widget-wrap elementor-element-populated\">\n\t\t\t\t\t\t<div class=\"elementor-element elementor-element-ef50706 elementor-widget elementor-widget-ekommart-brand\" data-id=\"ef50706\" data-element_type=\"widget\" data-widget_type=\"ekommart-brand.default\">\n\t\t\t\t<div class=\"elementor-widget-container\">\n\t\t\t\t\t        <div class=\"elementor-brands\">\n            <div class=\"elementor-brand-wrapper\">\n\n                <div class=\"row ekommart-carousel\" data-settings=\"{&quot;navigation&quot;:&quot;dots&quot;,&quot;autoplayHoverPause&quot;:true,&quot;autoplay&quot;:true,&quot;autoplayTimeout&quot;:5000,&quot;items&quot;:&quot;5&quot;,&quot;items_tablet&quot;:&quot;3&quot;,&quot;items_mobile&quot;:&quot;2&quot;,&quot;loop&quot;:true}\" data-elementor-columns=\"1\">\n                                            <div class=\"elementor-brand-item column-item\">\n                            <div class=\"elementor-brand-image\">\n                                <a href=\"#\"  title=\"Brand Name\"><img decoding=\"async\" width=\"878\" height=\"828\" src=\"https:\/\/www.dm-boutique.fr\/wp-content\/uploads\/2025\/11\/logo-puce_a10_noir-rouge.jpg\" class=\"attachment-full size-full wp-image-8006\" alt=\"\" srcset=\"https:\/\/www.dm-boutique.fr\/wp-content\/uploads\/2025\/11\/logo-puce_a10_noir-rouge.jpg 878w, https:\/\/www.dm-boutique.fr\/wp-content\/uploads\/2025\/11\/logo-puce_a10_noir-rouge-300x283.jpg 300w, https:\/\/www.dm-boutique.fr\/wp-content\/uploads\/2025\/11\/logo-puce_a10_noir-rouge-768x724.jpg 768w, https:\/\/www.dm-boutique.fr\/wp-content\/uploads\/2025\/11\/logo-puce_a10_noir-rouge-600x566.jpg 600w\" sizes=\"(max-width: 878px) 100vw, 878px\" \/><\/a>                            <\/div>\n                        <\/div>\n                                            <div class=\"elementor-brand-item column-item\">\n                            <div class=\"elementor-brand-image\">\n                                <a href=\"#\"  title=\"Brand Name\"><img decoding=\"async\" width=\"878\" height=\"828\" src=\"https:\/\/www.dm-boutique.fr\/wp-content\/uploads\/2025\/11\/logo-puce_a10_noir-rouge.jpg\" class=\"attachment-full size-full wp-image-8006\" alt=\"\" srcset=\"https:\/\/www.dm-boutique.fr\/wp-content\/uploads\/2025\/11\/logo-puce_a10_noir-rouge.jpg 878w, https:\/\/www.dm-boutique.fr\/wp-content\/uploads\/2025\/11\/logo-puce_a10_noir-rouge-300x283.jpg 300w, https:\/\/www.dm-boutique.fr\/wp-content\/uploads\/2025\/11\/logo-puce_a10_noir-rouge-768x724.jpg 768w, https:\/\/www.dm-boutique.fr\/wp-content\/uploads\/2025\/11\/logo-puce_a10_noir-rouge-600x566.jpg 600w\" sizes=\"(max-width: 878px) 100vw, 878px\" \/><\/a>                            <\/div>\n                        <\/div>\n                                            <div class=\"elementor-brand-item column-item\">\n                            <div class=\"elementor-brand-image\">\n                                <a href=\"#\"  title=\"Brand Name\"><img decoding=\"async\" width=\"878\" height=\"828\" src=\"https:\/\/www.dm-boutique.fr\/wp-content\/uploads\/2025\/11\/logo-puce_a10_noir-rouge.jpg\" class=\"attachment-full size-full wp-image-8006\" alt=\"\" srcset=\"https:\/\/www.dm-boutique.fr\/wp-content\/uploads\/2025\/11\/logo-puce_a10_noir-rouge.jpg 878w, https:\/\/www.dm-boutique.fr\/wp-content\/uploads\/2025\/11\/logo-puce_a10_noir-rouge-300x283.jpg 300w, https:\/\/www.dm-boutique.fr\/wp-content\/uploads\/2025\/11\/logo-puce_a10_noir-rouge-768x724.jpg 768w, https:\/\/www.dm-boutique.fr\/wp-content\/uploads\/2025\/11\/logo-puce_a10_noir-rouge-600x566.jpg 600w\" sizes=\"(max-width: 878px) 100vw, 878px\" \/><\/a>                            <\/div>\n                        <\/div>\n                                            <div class=\"elementor-brand-item column-item\">\n                            <div class=\"elementor-brand-image\">\n                                <a href=\"#\"  title=\"Brand Name\"><img decoding=\"async\" width=\"878\" height=\"828\" src=\"https:\/\/www.dm-boutique.fr\/wp-content\/uploads\/2025\/11\/logo-puce_a10_noir-rouge.jpg\" class=\"attachment-full size-full wp-image-8006\" alt=\"\" srcset=\"https:\/\/www.dm-boutique.fr\/wp-content\/uploads\/2025\/11\/logo-puce_a10_noir-rouge.jpg 878w, https:\/\/www.dm-boutique.fr\/wp-content\/uploads\/2025\/11\/logo-puce_a10_noir-rouge-300x283.jpg 300w, https:\/\/www.dm-boutique.fr\/wp-content\/uploads\/2025\/11\/logo-puce_a10_noir-rouge-768x724.jpg 768w, https:\/\/www.dm-boutique.fr\/wp-content\/uploads\/2025\/11\/logo-puce_a10_noir-rouge-600x566.jpg 600w\" sizes=\"(max-width: 878px) 100vw, 878px\" \/><\/a>                            <\/div>\n                        <\/div>\n                                            <div class=\"elementor-brand-item column-item\">\n                            <div class=\"elementor-brand-image\">\n                                <a href=\"#\"  title=\"Brand Name\"><img decoding=\"async\" width=\"878\" height=\"828\" src=\"https:\/\/www.dm-boutique.fr\/wp-content\/uploads\/2025\/11\/logo-puce_a10_noir-rouge.jpg\" class=\"attachment-full size-full wp-image-8006\" alt=\"\" srcset=\"https:\/\/www.dm-boutique.fr\/wp-content\/uploads\/2025\/11\/logo-puce_a10_noir-rouge.jpg 878w, https:\/\/www.dm-boutique.fr\/wp-content\/uploads\/2025\/11\/logo-puce_a10_noir-rouge-300x283.jpg 300w, https:\/\/www.dm-boutique.fr\/wp-content\/uploads\/2025\/11\/logo-puce_a10_noir-rouge-768x724.jpg 768w, https:\/\/www.dm-boutique.fr\/wp-content\/uploads\/2025\/11\/logo-puce_a10_noir-rouge-600x566.jpg 600w\" sizes=\"(max-width: 878px) 100vw, 878px\" \/><\/a>                            <\/div>\n                        <\/div>\n                                    <\/div>\n            <\/div>\n        <\/div>\n        \t\t\t\t<\/div>\n\t\t\t\t<\/div>\n\t\t\t\t\t<\/div>\n\t\t<\/div>\n\t\t\t\t\t<\/div>\n\t\t<\/section>\n\t\t\t\t<\/div>\n\t\t","protected":false},"excerpt":{"rendered":"<p>\u00c0 propos de DM Boutique Notre mission : \u00e9quiper ceux qui prot\u00e8gent Chez DM Boutique, nous concevons et s\u00e9lectionnons des tenues professionnelles pens\u00e9es pour les agents de s\u00e9curit\u00e9, les \u00e9quipes d\u2019intervention, les forces op\u00e9rationnelles et tous les m\u00e9tiers o\u00f9 la fiabilit\u00e9 de l\u2019\u00e9quipement n\u2019est pas n\u00e9gociable. Notre engagement est simple : proposer des v\u00eatements robustes, [&hellip;]<\/p>\n","protected":false},"author":1,"featured_media":0,"parent":0,"menu_order":0,"comment_status":"closed","ping_status":"closed","template":"","meta":{"footnotes":""},"class_list":["post-624","page","type-page","status-publish","hentry"],"_links":{"self":[{"href":"https:\/\/www.dm-boutique.fr\/index.php?rest_route=\/wp\/v2\/pages\/624","targetHints":{"allow":["GET"]}}],"collection":[{"href":"https:\/\/www.dm-boutique.fr\/index.php?rest_route=\/wp\/v2\/pages"}],"about":[{"href":"https:\/\/www.dm-boutique.fr\/index.php?rest_route=\/wp\/v2\/types\/page"}],"author":[{"embeddable":true,"href":"https:\/\/www.dm-boutique.fr\/index.php?rest_route=\/wp\/v2\/users\/1"}],"replies":[{"embeddable":true,"href":"https:\/\/www.dm-boutique.fr\/index.php?rest_route=%2Fwp%2Fv2%2Fcomments&post=624"}],"version-history":[{"count":26,"href":"https:\/\/www.dm-boutique.fr\/index.php?rest_route=\/wp\/v2\/pages\/624\/revisions"}],"predecessor-version":[{"id":8570,"href":"https:\/\/www.dm-boutique.fr\/index.php?rest_route=\/wp\/v2\/pages\/624\/revisions\/8570"}],"wp:attachment":[{"href":"https:\/\/www.dm-boutique.fr\/index.php?rest_route=%2Fwp%2Fv2%2Fmedia&parent=624"}],"curies":[{"name":"wp","href":"https:\/\/api.w.org\/{rel}","templated":true}]}}