{"id":8193,"date":"2025-11-19T13:07:31","date_gmt":"2025-11-19T12:07:31","guid":{"rendered":"http:\/\/www.dm-boutique.fr\/?post_type=product&#038;p=8193"},"modified":"2025-12-19T21:00:59","modified_gmt":"2025-12-19T20:00:59","slug":"veste-softshell-secu-one-hv-tape-securite-privee-noir","status":"publish","type":"product","link":"https:\/\/www.dm-boutique.fr\/?product=veste-softshell-secu-one-hv-tape-securite-privee-noir","title":{"rendered":"Veste Softshell S\u00c9CU-ONE HV-TAPE S\u00e9curit\u00e9 Priv\u00e9e noir"},"content":{"rendered":"<div id=\"description\" class=\"product-description\">\n<div class=\"title\">DESCRIPTION DU PRODUIT<\/div>\n<div class=\"content std\">\n<p>Parce que chaque homme de terrain est au c\u0153ur de ses pr\u00e9occupations, A10 Equipment propose une collection compl\u00e8te de v\u00eatements, chaussures et accessoires d\u00e9di\u00e9e aux m\u00e9tiers de la S\u00e9curit\u00e9 Priv\u00e9e ; construite autour de 4 axes, r\u00e9sistance, ergonomie, fonctionnalit\u00e9 et technicit\u00e9, la gamme S\u00c9CU-ONE offre le meilleur sans faire de concessions.<\/p>\n<p>La veste Softshell S\u00c9CU-ONE HV-TAPE S\u00e9curit\u00e9 Priv\u00e9e poss\u00e8de la technologie SOFT-SHELL 3 LAYERS : un tissu ext\u00e9rieur coupe-vent\/d\u00e9perlant, une membrane X-PERF imperm\u00e9able\/respirante et une doublure polaire FLEECE-TECH indispensable lors de vos missions par temps froid. Le plus : les bandes r\u00e9tro-r\u00e9fl\u00e9chissantes HV-TAPE &#8211; HIGH VISIBILITY TAPE &#8211; norm\u00e9es EN 20471 pour une visibilit\u00e9 optimale. Elle est conforme au d\u00e9cret du 18\/07\/2023.<\/p>\n<\/div>\n<\/div>\n<div id=\"fiche-technique\" class=\"product-description\">\n<div class=\"title\">FICHE TECHNIQUE<\/div>\n<div class=\"content std\">TECHNICIT\u00c9 :<br \/>\n&#8211; technologie SOFT-SHELL 3 LAYERS (3 couches)<br \/>\n&#8211; membrane X-PERF 3000\/3000 mm imperm\u00e9able et respirante<br \/>\n&#8211; traitement d\u00e9perlant DWR-TECH<br \/>\n&#8211; coupe-vent WIND-PROTECT<br \/>\n&#8211; doublure polaire FLEECE-TECH<br \/>\n&#8211; coutures principales double piq\u00fbres<br \/>\n&#8211; bandes r\u00e9tro-r\u00e9fl\u00e9chissantes HV-TAPE &#8211; HIGH VISIBILITY TAPE &#8211; norm\u00e9es EN 20471, pour une visibilit\u00e9 optimaleERGONOMIE \/ DESIGN :<br \/>\n&#8211; coupe fit<br \/>\n&#8211; tissu stretch X-MOVE 360\u00b0<br \/>\n&#8211; fermeture centrale zipp\u00e9e avec rabat int\u00e9rieur<br \/>\n&#8211; col montant<br \/>\n&#8211; coudes ajust\u00e9s<br \/>\n&#8211; poignets \u00e9lastiqu\u00e9s<br \/>\n&#8211; taille r\u00e9glable par \u00e9lastiqueFONCTIONNALIT\u00c9 :<br \/>\n&#8211; 1 poche poitrine plaqu\u00e9e zipp\u00e9e et doubl\u00e9e polaire<br \/>\n&#8211; 2 poches taille plaqu\u00e9es zipp\u00e9es et doubl\u00e9es polaire<br \/>\n&#8211; 2 poches int\u00e9rieures ferm\u00e9es par velcro<br \/>\n&#8211; 2 passants int\u00e9rieurs \u00e9lastiqu\u00e9s pour fils \u00e9couteurs<br \/>\n&#8211; 2 velcros bras + 1 porte-carte velcro S\u00c9CU-ONE pour l&rsquo;insertion et la visibilit\u00e9 de votre carte professionnelle inclus<br \/>\n&#8211; 1 velcro poitrine + 1 porte n\u00b0 d&rsquo;identification velcro poitrine S\u00c9CU-ONE pour l&rsquo;insertion des 7 derniers chiffres de votre n\u00b0 d&rsquo;identification inclus<br \/>\n&#8211; 2 patchs amovibles S\u00c9CU-ONE \u00ab\u00a0S\u00c9CURIT\u00c9 PRIV\u00c9E\u00a0\u00bb blanc r\u00e9tro-r\u00e9fl\u00e9chissant (dos = L. 30 x H. 9 cm \/ poitrine = L. 13 x H. 5 cm) inclus<\/p>\n<p>Vendus s\u00e9par\u00e9ment :<br \/>\n* porte n\u00b0 d&rsquo;identification + logo velcro poitrine S\u00c9CU-ONE (01.203097) pour l&rsquo;insertion des 7 derniers chiffres de votre n\u00b0 d&rsquo;identification et du logo de votre entreprise<br \/>\n* lot dossard + bande poitrine S\u00c9CU-ONE \u00ab\u00a0SURETE\u00a0\u00bb (01.202790)<br \/>\n* lot dossard + bande poitrine S\u00c9CU-ONE \u00ab\u00a0MAITRE CHIEN\u00a0\u00bb (01.202791)<br \/>\n* lot dossard + bande poitrine S\u00c9CU-ONE \u00ab\u00a0VIGILE\u00a0\u00bb (01.202792)<br \/>\n* lot dossard + bande poitrine S\u00c9CU-ONE \u00ab\u00a0PROTECTION\u00a0\u00bb (01.202793)<br \/>\n* lot dossard + bande poitrine S\u00c9CU-ONE \u00ab\u00a0INTERVENTION\u00a0\u00bb (01.202794)<br \/>\n* lot dossard + bande poitrine S\u00c9CU-ONE \u00ab\u00a0SECURITE INCENDIE\u00a0\u00bb (01.202795)<br \/>\n* lot dossard + bande poitrine S\u00c9CU-ONE \u00ab\u00a0S.S.I.A.P\u00a0\u00bb (01.202796)<br \/>\n* lot dossard + bande poitrine S\u00c9CU-ONE \u00ab\u00a0SECURITY\u00a0\u00bb (01.202798)<\/p>\n<p>COMPOSITION :<br \/>\n&#8211; 100% polyester<br \/>\n&#8211; tissu certifi\u00e9 Oeko-Tex Standard 100<\/p>\n<p>COLORIS : noir<\/p>\n<p>TAILLES : du XS au 4XL<\/p>\n<p>CONSEILS D&rsquo;ENTRETIEN : lavage \u00e0 30\u00b0<\/p>\n<\/div>\n<\/div>\n","protected":false},"excerpt":{"rendered":"<p>DESCRIPTION DU PRODUIT Parce que chaque homme de terrain est au c\u0153ur de ses pr\u00e9occupations, A10 Equipment propose une collection compl\u00e8te de v\u00eatements, chaussures et accessoires d\u00e9di\u00e9e aux m\u00e9tiers de la S\u00e9curit\u00e9 Priv\u00e9e ; construite autour de 4 axes, r\u00e9sistance, ergonomie, fonctionnalit\u00e9 et technicit\u00e9, la gamme S\u00c9CU-ONE offre le meilleur sans faire de concessions. La [&hellip;]<\/p>\n","protected":false},"featured_media":8194,"template":"","meta":[],"product_brand":[],"product_cat":[193,151],"product_tag":[],"class_list":{"0":"post-8193","1":"product","2":"type-product","3":"status-publish","4":"has-post-thumbnail","6":"product_cat-hauts-sp","7":"product_cat-securite-privee","9":"first","10":"instock","11":"taxable","12":"shipping-taxable","13":"purchasable","14":"product-type-variable"},"_links":{"self":[{"href":"https:\/\/www.dm-boutique.fr\/index.php?rest_route=\/wp\/v2\/product\/8193","targetHints":{"allow":["GET"]}}],"collection":[{"href":"https:\/\/www.dm-boutique.fr\/index.php?rest_route=\/wp\/v2\/product"}],"about":[{"href":"https:\/\/www.dm-boutique.fr\/index.php?rest_route=\/wp\/v2\/types\/product"}],"version-history":[{"count":1,"href":"https:\/\/www.dm-boutique.fr\/index.php?rest_route=\/wp\/v2\/product\/8193\/revisions"}],"predecessor-version":[{"id":8958,"href":"https:\/\/www.dm-boutique.fr\/index.php?rest_route=\/wp\/v2\/product\/8193\/revisions\/8958"}],"wp:featuredmedia":[{"embeddable":true,"href":"https:\/\/www.dm-boutique.fr\/index.php?rest_route=\/wp\/v2\/media\/8194"}],"wp:attachment":[{"href":"https:\/\/www.dm-boutique.fr\/index.php?rest_route=%2Fwp%2Fv2%2Fmedia&parent=8193"}],"wp:term":[{"taxonomy":"product_brand","embeddable":true,"href":"https:\/\/www.dm-boutique.fr\/index.php?rest_route=%2Fwp%2Fv2%2Fproduct_brand&post=8193"},{"taxonomy":"product_cat","embeddable":true,"href":"https:\/\/www.dm-boutique.fr\/index.php?rest_route=%2Fwp%2Fv2%2Fproduct_cat&post=8193"},{"taxonomy":"product_tag","embeddable":true,"href":"https:\/\/www.dm-boutique.fr\/index.php?rest_route=%2Fwp%2Fv2%2Fproduct_tag&post=8193"}],"curies":[{"name":"wp","href":"https:\/\/api.w.org\/{rel}","templated":true}]}}