{"id":8199,"date":"2025-11-19T13:10:15","date_gmt":"2025-11-19T12:10:15","guid":{"rendered":"http:\/\/www.dm-boutique.fr\/?post_type=product&#038;p=8199"},"modified":"2025-11-20T15:42:13","modified_gmt":"2025-11-20T14:42:13","slug":"veste-polaire-secu-one-hv-tape-securite-privee-noir","status":"publish","type":"product","link":"https:\/\/www.dm-boutique.fr\/?product=veste-polaire-secu-one-hv-tape-securite-privee-noir","title":{"rendered":"Veste Polaire S\u00c9CU-ONE HV-TAPE S\u00e9curit\u00e9 Priv\u00e9e noir"},"content":{"rendered":"<div id=\"description\" class=\"product-description\">\n<div class=\"title\">DESCRIPTION DU PRODUIT<\/div>\n<div class=\"content std\">\n<p>Parce que chaque homme de terrain est au c\u0153ur de ses pr\u00e9occupations, A10 Equipment propose une collection compl\u00e8te de v\u00eatements, chaussures et accessoires d\u00e9di\u00e9e aux m\u00e9tiers de la S\u00e9curit\u00e9 Priv\u00e9e ; construite autour de 4 axes, r\u00e9sistance, ergonomie, fonctionnalit\u00e9 et technicit\u00e9, la gamme S\u00c9CU-ONE offre le meilleur sans faire de concessions.<\/p>\n<p>Fabriqu\u00e9e en tissu FLEECE-TECH, la veste Polaire S\u00c9CU-ONE HV-TAPE S\u00e9curit\u00e9 Priv\u00e9e assure une bonne isolation thermique indispensable lors de vos missions par temps froid. Elle est conforme au d\u00e9cret du 18\/07\/2023.<\/p>\n<\/div>\n<\/div>\n<div id=\"fiche-technique\" class=\"product-description\">\n<div class=\"title\">FICHE TECHNIQUE<\/div>\n<div class=\"content std\">TECHNICIT\u00c9 :<br \/>\n&#8211; composition bi-mati\u00e8re : tissu principal FLEECE-TECH 280 g\/m\u00b2 anti-bouloches combin\u00e9 \u00e0 la technologie SOFT-SHELL au niveau des \u00e9paules<br \/>\n&#8211; isolation thermique<br \/>\n&#8211; int\u00e9rieur gratt\u00e9 \u00e0 double boucles<br \/>\n&#8211; coutures principales double piq\u00fbres<br \/>\n&#8211; bandes r\u00e9tro-r\u00e9fl\u00e9chissantes HV-TAPE &#8211; HIGH VISIBILITY TAPE &#8211; norm\u00e9es EN 20471, pour une visibilit\u00e9 optimaleERGONOMIE \/ DESIGN :<br \/>\n&#8211; coupe fit<br \/>\n&#8211; fermeture centrale zipp\u00e9e<br \/>\n&#8211; col montant doubl\u00e9 polaire<br \/>\n&#8211; coudes ajust\u00e9s<br \/>\n&#8211; poignets et taille \u00e9lastiqu\u00e9sFONCTIONNALIT\u00c9 :<br \/>\n&#8211; 1 poche poitrine plaqu\u00e9e zipp\u00e9e et doubl\u00e9e polaire<br \/>\n&#8211; empi\u00e8cement en tissu softshell cot\u00e9 c\u0153ur pour marquage personnalis\u00e9<br \/>\n&#8211; 2 poches taille plaqu\u00e9es zipp\u00e9es et doubl\u00e9es polaire<br \/>\n&#8211; 2 poches int\u00e9rieures<br \/>\n&#8211; 2 velcros bras + 1 porte-carte velcro S\u00c9CU-ONE pour l&rsquo;insertion et la visibilit\u00e9 de votre carte professionnelle inclus<br \/>\n&#8211; 1 velcro poitrine + 1 porte n\u00b0 d&rsquo;identification velcro poitrine S\u00c9CU-ONE pour l&rsquo;insertion des 7 derniers chiffres de votre n\u00b0 d&rsquo;identification inclus<br \/>\n&#8211; 2 patchs amovibles S\u00c9CU-ONE \u00ab\u00a0S\u00c9CURIT\u00c9 PRIV\u00c9E\u00a0\u00bb blanc r\u00e9tro-r\u00e9fl\u00e9chissant (dos = L. 30 x H. 9 cm \/ poitrine = L. 13 x H. 5 cm) inclusVendus s\u00e9par\u00e9ment :<br \/>\n* porte n\u00b0 d&rsquo;identification + logo velcro poitrine S\u00c9CU-ONE (01.203097) pour l&rsquo;insertion des 7 derniers chiffres de votre n\u00b0 d&rsquo;identification et du logo de votre entreprise<br \/>\n* lot dossard + bande poitrine S\u00c9CU-ONE \u00ab\u00a0SURETE\u00a0\u00bb (01.202790)<br \/>\n* lot dossard + bande poitrine S\u00c9CU-ONE \u00ab\u00a0MAITRE CHIEN\u00a0\u00bb (01.202791)<br \/>\n* lot dossard + bande poitrine S\u00c9CU-ONE \u00ab\u00a0VIGILE\u00a0\u00bb (01.202792)<br \/>\n* lot dossard + bande poitrine S\u00c9CU-ONE \u00ab\u00a0PROTECTION\u00a0\u00bb (01.202793)<br \/>\n* lot dossard + bande poitrine S\u00c9CU-ONE \u00ab\u00a0INTERVENTION\u00a0\u00bb (01.202794)<br \/>\n* lot dossard + bande poitrine S\u00c9CU-ONE \u00ab\u00a0SECURITE INCENDIE\u00a0\u00bb (01.202795)<br \/>\n* lot dossard + bande poitrine S\u00c9CU-ONE \u00ab\u00a0S.S.I.A.P\u00a0\u00bb (01.202796)<br \/>\n* lot dossard + bande poitrine S\u00c9CU-ONE \u00ab\u00a0SECURITY\u00a0\u00bb (01.202798)<\/p>\n<p>COMPOSITION :<br \/>\n&#8211; 100% polyester<br \/>\n&#8211; tissu certifi\u00e9 Oeko-Tex Standard 100<\/p>\n<p>COLORIS : noir<\/p>\n<p>TAILLES : du XS au 4XL<\/p>\n<p>CONSEILS D&rsquo;ENTRETIEN : lavage \u00e0 30\u00b0<\/p>\n<\/div>\n<\/div>\n","protected":false},"excerpt":{"rendered":"<p>DESCRIPTION DU PRODUIT Parce que chaque homme de terrain est au c\u0153ur de ses pr\u00e9occupations, A10 Equipment propose une collection compl\u00e8te de v\u00eatements, chaussures et accessoires d\u00e9di\u00e9e aux m\u00e9tiers de la S\u00e9curit\u00e9 Priv\u00e9e ; construite autour de 4 axes, r\u00e9sistance, ergonomie, fonctionnalit\u00e9 et technicit\u00e9, la gamme S\u00c9CU-ONE offre le meilleur sans faire de concessions. Fabriqu\u00e9e [&hellip;]<\/p>\n","protected":false},"featured_media":8200,"template":"","meta":[],"product_brand":[],"product_cat":[193,151],"product_tag":[],"class_list":{"0":"post-8199","1":"product","2":"type-product","3":"status-publish","4":"has-post-thumbnail","6":"product_cat-hauts-sp","7":"product_cat-securite-privee","9":"first","10":"instock","11":"taxable","12":"shipping-taxable","13":"purchasable","14":"product-type-variable"},"_links":{"self":[{"href":"https:\/\/www.dm-boutique.fr\/index.php?rest_route=\/wp\/v2\/product\/8199","targetHints":{"allow":["GET"]}}],"collection":[{"href":"https:\/\/www.dm-boutique.fr\/index.php?rest_route=\/wp\/v2\/product"}],"about":[{"href":"https:\/\/www.dm-boutique.fr\/index.php?rest_route=\/wp\/v2\/types\/product"}],"version-history":[{"count":0,"href":"https:\/\/www.dm-boutique.fr\/index.php?rest_route=\/wp\/v2\/product\/8199\/revisions"}],"wp:featuredmedia":[{"embeddable":true,"href":"https:\/\/www.dm-boutique.fr\/index.php?rest_route=\/wp\/v2\/media\/8200"}],"wp:attachment":[{"href":"https:\/\/www.dm-boutique.fr\/index.php?rest_route=%2Fwp%2Fv2%2Fmedia&parent=8199"}],"wp:term":[{"taxonomy":"product_brand","embeddable":true,"href":"https:\/\/www.dm-boutique.fr\/index.php?rest_route=%2Fwp%2Fv2%2Fproduct_brand&post=8199"},{"taxonomy":"product_cat","embeddable":true,"href":"https:\/\/www.dm-boutique.fr\/index.php?rest_route=%2Fwp%2Fv2%2Fproduct_cat&post=8199"},{"taxonomy":"product_tag","embeddable":true,"href":"https:\/\/www.dm-boutique.fr\/index.php?rest_route=%2Fwp%2Fv2%2Fproduct_tag&post=8199"}],"curies":[{"name":"wp","href":"https:\/\/api.w.org\/{rel}","templated":true}]}}