{"id":8205,"date":"2025-11-19T13:13:29","date_gmt":"2025-11-19T12:13:29","guid":{"rendered":"http:\/\/www.dm-boutique.fr\/?post_type=product&#038;p=8205"},"modified":"2025-11-20T15:51:32","modified_gmt":"2025-11-20T14:51:32","slug":"pantalon-secu-one-bas-elastique-hv-tape-noir","status":"publish","type":"product","link":"https:\/\/www.dm-boutique.fr\/?product=pantalon-secu-one-bas-elastique-hv-tape-noir","title":{"rendered":"Pantalon S\u00c9CU-ONE bas \u00e9lastiqu\u00e9 HV-TAPE noir"},"content":{"rendered":"<div id=\"description\" class=\"product-description\">\n<div class=\"title\">DESCRIPTION DU PRODUIT<\/div>\n<div class=\"content std\">\n<p>Parce que chaque homme de terrain est au c\u0153ur de ses pr\u00e9occupations, A10 Equipment propose une collection compl\u00e8te de v\u00eatements, chaussures et accessoires d\u00e9di\u00e9e aux m\u00e9tiers de la S\u00e9curit\u00e9 Priv\u00e9e ; construite autour de 4 axes, r\u00e9sistance, ergonomie, fonctionnalit\u00e9 et technicit\u00e9, la gamme S\u00c9CU-ONE offre le meilleur sans faire de concessions.<\/p>\n<p>Le pantalon S\u00c9CU-ONE bas \u00e9lastiqu\u00e9 HV-TAPE, indispensable lors de vos missions urbaines nocturnes, vous offre une r\u00e9sistance \u00e0 toute \u00e9preuve gr\u00e2ce \u00e0 sa mati\u00e8re HR-PC &#8211; HIGH RESISTANT POLYESTER COTTON. Le plus : les bandes r\u00e9tro-r\u00e9fl\u00e9chissantes HV-TAPE &#8211; HIGH VISIBILITY TAPE &#8211; norm\u00e9es EN 20471 pour une visibilit\u00e9 optimale.<\/p>\n<\/div>\n<\/div>\n<div id=\"fiche-technique\" class=\"product-description\">\n<div class=\"title\">FICHE TECHNIQUE<\/div>\n<div class=\"content std\">R\u00c9SISTANCE :<br \/>\n&#8211; tissu polycoton HR-PC &#8211; HIGH RESISTANT<br \/>\n&#8211; r\u00e9sistance aux frottements<br \/>\n&#8211; stabilit\u00e9 du tissu et des couleurs<br \/>\n&#8211; coutures principales double piq\u00fbresERGONOMIE :<br \/>\n&#8211; coupe ajust\u00e9e<br \/>\n&#8211; taille \u00e9lastiqu\u00e9e<br \/>\n&#8211; d\u00e9coupe genoux<br \/>\n&#8211; bas du pantalon \u00e9lastiqu\u00e9FONCTIONNALIT\u00c9 :<br \/>\n&#8211; 2 poches taille avec renfort<br \/>\n&#8211; 2 poches cargo semi-plaqu\u00e9es ferm\u00e9es par velcro<br \/>\n&#8211; passants pour ceinture (40 mm)<\/p>\n<p>TECHNICIT\u00c9 : bandes r\u00e9tro-r\u00e9fl\u00e9chissantes HV-TAPE &#8211; HIGH VISIBILITY TAPE &#8211; norm\u00e9es EN 20471 pour une visibilit\u00e9 optimale<\/p>\n<p>COMPOSITION :<br \/>\n&#8211; 65% polyester 35% coton<br \/>\n&#8211; tissu certifi\u00e9 Oeko-Tex Standard 100<\/p>\n<p>COLORIS : noir<\/p>\n<p>TAILLES : du 34 au 60, entrejambe 80 cm<\/p>\n<p>CONSEILS D&rsquo;ENTRETIEN : lavage \u00e0 30\u00b0<\/p>\n<\/div>\n<\/div>\n","protected":false},"excerpt":{"rendered":"<p>DESCRIPTION DU PRODUIT Parce que chaque homme de terrain est au c\u0153ur de ses pr\u00e9occupations, A10 Equipment propose une collection compl\u00e8te de v\u00eatements, chaussures et accessoires d\u00e9di\u00e9e aux m\u00e9tiers de la S\u00e9curit\u00e9 Priv\u00e9e ; construite autour de 4 axes, r\u00e9sistance, ergonomie, fonctionnalit\u00e9 et technicit\u00e9, la gamme S\u00c9CU-ONE offre le meilleur sans faire de concessions. Le [&hellip;]<\/p>\n","protected":false},"featured_media":8206,"template":"","meta":[],"product_brand":[],"product_cat":[194,151],"product_tag":[],"class_list":{"0":"post-8205","1":"product","2":"type-product","3":"status-publish","4":"has-post-thumbnail","6":"product_cat-bas-sp","7":"product_cat-securite-privee","9":"first","10":"instock","11":"taxable","12":"shipping-taxable","13":"purchasable","14":"product-type-variable"},"_links":{"self":[{"href":"https:\/\/www.dm-boutique.fr\/index.php?rest_route=\/wp\/v2\/product\/8205","targetHints":{"allow":["GET"]}}],"collection":[{"href":"https:\/\/www.dm-boutique.fr\/index.php?rest_route=\/wp\/v2\/product"}],"about":[{"href":"https:\/\/www.dm-boutique.fr\/index.php?rest_route=\/wp\/v2\/types\/product"}],"version-history":[{"count":0,"href":"https:\/\/www.dm-boutique.fr\/index.php?rest_route=\/wp\/v2\/product\/8205\/revisions"}],"wp:featuredmedia":[{"embeddable":true,"href":"https:\/\/www.dm-boutique.fr\/index.php?rest_route=\/wp\/v2\/media\/8206"}],"wp:attachment":[{"href":"https:\/\/www.dm-boutique.fr\/index.php?rest_route=%2Fwp%2Fv2%2Fmedia&parent=8205"}],"wp:term":[{"taxonomy":"product_brand","embeddable":true,"href":"https:\/\/www.dm-boutique.fr\/index.php?rest_route=%2Fwp%2Fv2%2Fproduct_brand&post=8205"},{"taxonomy":"product_cat","embeddable":true,"href":"https:\/\/www.dm-boutique.fr\/index.php?rest_route=%2Fwp%2Fv2%2Fproduct_cat&post=8205"},{"taxonomy":"product_tag","embeddable":true,"href":"https:\/\/www.dm-boutique.fr\/index.php?rest_route=%2Fwp%2Fv2%2Fproduct_tag&post=8205"}],"curies":[{"name":"wp","href":"https:\/\/api.w.org\/{rel}","templated":true}]}}