{"id":8786,"date":"2025-12-12T14:38:41","date_gmt":"2025-12-12T13:38:41","guid":{"rendered":"https:\/\/www.dm-boutique.fr\/?post_type=product&#038;p=8786"},"modified":"2025-12-12T14:40:10","modified_gmt":"2025-12-12T13:40:10","slug":"pantalon-lightshell-rain-protect-camo-fr-ce","status":"publish","type":"product","link":"https:\/\/www.dm-boutique.fr\/?product=pantalon-lightshell-rain-protect-camo-fr-ce","title":{"rendered":"Pantalon Lightshell RAIN PROTECT camo fr\/ce"},"content":{"rendered":"<div id=\"description\" class=\"product-description\">\n<div class=\"title\">DESCRIPTION DU PRODUIT<\/div>\n<div class=\"content std\">\n<p>Tous les v\u00eatements de la gamme RAIN PROTECT b\u00e9n\u00e9ficient de la technologie LIGHT-SHELL issue du savoir-faire de la marque A10 EQUIPMENT et r\u00e9pondent \u00e0 3 crit\u00e8res : protection, r\u00e9sistance, fonctionnalit\u00e9. Pas d&rsquo;obstacles \u00e0 affronter les intemp\u00e9ries. No excuses, face the elements.<\/p>\n<p>Fabriqu\u00e9 en tissu Ripstop 2.5 et gr\u00e2ce \u00e0 la technologie LIGHT-SHELL 2 LAYERS et sa membrane X-PERF, le pantalon Lightshell RAIN PROTECT est imperm\u00e9able\/respirant, coupe-vent, ultra l\u00e9ger et compact. Ses coutures et ses zips \u00e9tanches garantissent une protection optimale et permettent de rester au sec quelle que soit l&rsquo;intensit\u00e9 de la pluie.<\/p>\n<\/div>\n<\/div>\n<div id=\"fiche-technique\" class=\"product-description\">\n<div class=\"title\">FICHE TECHNIQUE<\/div>\n<div class=\"content std\">PROTECTION :<br \/>\n&#8211; technologie LIGHT-SHELL 2 couches<br \/>\n&#8211; membrane X-PERF 6000\/6000 mm imperm\u00e9able et respirante<br \/>\n&#8211; traitement d\u00e9perlant DWR-TECH<br \/>\n&#8211; coupe-vent WIND-PROTECT<br \/>\n&#8211; coutures \u00e9tanches<br \/>\n&#8211; zips \u00e9tanchesR\u00c9SISTANCE : tissu Ripstop 2.5ERGONOMIE :<br \/>\n&#8211; s&rsquo;enfile facilement sur un pantalon via les ouvertures lat\u00e9rales zipp\u00e9es<br \/>\n&#8211; ceinture \u00e9lastiqu\u00e9e et ajust\u00e9e<br \/>\n&#8211; crochet de maintien pour rangers<br \/>\n&#8211; d\u00e9coupe du bas de pantalon profil\u00e9e<br \/>\n&#8211; l\u00e9ger, taille M = 380 g<\/p>\n<p>FONCTIONNALIT\u00c9 :<br \/>\n&#8211; 2 poches taille plaqu\u00e9es zipp\u00e9es<br \/>\n&#8211; le pantalon, livr\u00e9 \u00e0 plat, se range dans le sac de compression inclus (ex : taille M compress\u00e9e = \u00d8 9,5 x H.22 cm)<\/p>\n<p>TECHNICIT\u00c9 : traitement mati\u00e8re TEFLON<\/p>\n<p>COMPOSITION : 100% polyester<\/p>\n<p>COLORIS : camo fr\/ce<\/p>\n<p>TAILLES : du XS au 3XL ; entrejambe 86 cm<\/p>\n<p>CONSEILS D&rsquo;ENTRETIEN : lavage \u00e0 30\u00b0 ; laisser s\u00e9cher avant de ranger dans la housse de compression<\/p>\n<\/div>\n<\/div>\n","protected":false},"excerpt":{"rendered":"<p>DESCRIPTION DU PRODUIT Tous les v\u00eatements de la gamme RAIN PROTECT b\u00e9n\u00e9ficient de la technologie LIGHT-SHELL issue du savoir-faire de la marque A10 EQUIPMENT et r\u00e9pondent \u00e0 3 crit\u00e8res : protection, r\u00e9sistance, fonctionnalit\u00e9. Pas d&rsquo;obstacles \u00e0 affronter les intemp\u00e9ries. No excuses, face the elements. Fabriqu\u00e9 en tissu Ripstop 2.5 et gr\u00e2ce \u00e0 la technologie LIGHT-SHELL [&hellip;]<\/p>\n","protected":false},"featured_media":8801,"template":"","meta":[],"product_brand":[],"product_cat":[200],"product_tag":[],"class_list":{"0":"post-8786","1":"product","2":"type-product","3":"status-publish","4":"has-post-thumbnail","6":"product_cat-camouflage","8":"first","9":"instock","10":"taxable","11":"shipping-taxable","12":"purchasable","13":"product-type-variable"},"_links":{"self":[{"href":"https:\/\/www.dm-boutique.fr\/index.php?rest_route=\/wp\/v2\/product\/8786","targetHints":{"allow":["GET"]}}],"collection":[{"href":"https:\/\/www.dm-boutique.fr\/index.php?rest_route=\/wp\/v2\/product"}],"about":[{"href":"https:\/\/www.dm-boutique.fr\/index.php?rest_route=\/wp\/v2\/types\/product"}],"version-history":[{"count":3,"href":"https:\/\/www.dm-boutique.fr\/index.php?rest_route=\/wp\/v2\/product\/8786\/revisions"}],"predecessor-version":[{"id":8807,"href":"https:\/\/www.dm-boutique.fr\/index.php?rest_route=\/wp\/v2\/product\/8786\/revisions\/8807"}],"wp:featuredmedia":[{"embeddable":true,"href":"https:\/\/www.dm-boutique.fr\/index.php?rest_route=\/wp\/v2\/media\/8801"}],"wp:attachment":[{"href":"https:\/\/www.dm-boutique.fr\/index.php?rest_route=%2Fwp%2Fv2%2Fmedia&parent=8786"}],"wp:term":[{"taxonomy":"product_brand","embeddable":true,"href":"https:\/\/www.dm-boutique.fr\/index.php?rest_route=%2Fwp%2Fv2%2Fproduct_brand&post=8786"},{"taxonomy":"product_cat","embeddable":true,"href":"https:\/\/www.dm-boutique.fr\/index.php?rest_route=%2Fwp%2Fv2%2Fproduct_cat&post=8786"},{"taxonomy":"product_tag","embeddable":true,"href":"https:\/\/www.dm-boutique.fr\/index.php?rest_route=%2Fwp%2Fv2%2Fproduct_tag&post=8786"}],"curies":[{"name":"wp","href":"https:\/\/api.w.org\/{rel}","templated":true}]}}