{"id":8808,"date":"2025-12-12T15:02:03","date_gmt":"2025-12-12T14:02:03","guid":{"rendered":"https:\/\/www.dm-boutique.fr\/?post_type=product&#038;p=8808"},"modified":"2025-12-12T15:02:03","modified_gmt":"2025-12-12T14:02:03","slug":"veste-courte-fighter-noir","status":"publish","type":"product","link":"https:\/\/www.dm-boutique.fr\/?product=veste-courte-fighter-noir","title":{"rendered":"Veste courte FIGHTER noir"},"content":{"rendered":"<div id=\"description\" class=\"product-description\">\n<div class=\"title\">DESCRIPTION DU PRODUIT<\/div>\n<div class=\"content std\">Inspir\u00e9e par les combattants pour les combattants, la gamme FIGHTER, d\u00e9velopp\u00e9e par A10 EQUIPMENT\u00ae, r\u00e9pond aux exigences des militaires d&rsquo;aujourd&rsquo;hui. Cette collection compl\u00e8te de parkas, vestes, pantalons, chemises et chemises UBAS allie 4 crit\u00e8res indissociables : r\u00e9sistance, ergonomie, fonctionnalit\u00e9 et technicit\u00e9. L&rsquo;objectif de la collection FIGHTER, vous aider \u00e0 donner le meilleur de vous-m\u00eame sur tous les th\u00e9\u00e2tres d&rsquo;op\u00e9rations.<\/p>\n<p>Fabriqu\u00e9e en tissu Ripstop 5.0, la veste courte FIGHTER poss\u00e8de de nombreuses poches avec un grand volume de rangement. Gr\u00e2ce \u00e0 sa coupe parfaitement \u00e9tudi\u00e9e et ses a\u00e9rations au dos et aux aisselles, vous pouvez \u00e9voluer sur tous les types de terrain avec un confort et une libert\u00e9 de mouvement optimal. Le plus, la surface du tissu Ripstop ext\u00e9rieur poss\u00e8de un double traitement TEFLON et IR-PROTECT &#8211; Infra Red Protection &#8211; qui en fait un alli\u00e9 indispensable du combattant.<\/p><\/div>\n<\/div>\n<div id=\"fiche-technique\" class=\"product-description\">\n<div class=\"title\">FICHE TECHNIQUE<\/div>\n<div class=\"content std\">R\u00c9SISTANCE :<br \/>\n&#8211; coudes renforc\u00e9s et ajust\u00e9s<br \/>\n&#8211; coutures principales doubles piq\u00fbres<\/p>\n<p>ERGONOMIE :<br \/>\n&#8211; coupe ergonomique adapt\u00e9e aux besoins du combattant<br \/>\n&#8211; d\u00e9coupe aisselles en mesh respirant<br \/>\n&#8211; ouverture dos doubl\u00e9e en mesh respirant<br \/>\n&#8211; poignets profil\u00e9s r\u00e9glables par velcro<br \/>\n&#8211; fermeture zipp\u00e9e<br \/>\n&#8211; taille \u00e9lastiqu\u00e9e<\/p>\n<p>FONCTIONNALIT\u00c9 :<br \/>\n&#8211; 2 poches poitrine plaqu\u00e9es zipp\u00e9es<br \/>\n&#8211; 2 poches taille plaqu\u00e9es zipp\u00e9es<br \/>\n&#8211; 2 poches bras plaqu\u00e9es zipp\u00e9es<br \/>\n&#8211; velcro avec emplacement stylo renforc\u00e9<br \/>\n&#8211; 2 poches int\u00e9rieures avec fermeture par velcro<br \/>\n&#8211; label d&rsquo;identification<\/p>\n<p>TECHNICIT\u00c9 : traitements mati\u00e8re (TEFLON, IR-PROTECT) d\u00e9di\u00e9s aux combattants<\/p>\n<p>COMPOSITION :<br \/>\n&#8211; 80% coton 20% polyester ; 210 g\/m\u00b2<br \/>\n&#8211; tissu certifi\u00e9 Oeko-Tex Standard 100<\/p>\n<p>COLORIS : noir<\/p><\/div>\n<\/div>\n","protected":false},"excerpt":{"rendered":"<p>DESCRIPTION DU PRODUIT Inspir\u00e9e par les combattants pour les combattants, la gamme FIGHTER, d\u00e9velopp\u00e9e par A10 EQUIPMENT\u00ae, r\u00e9pond aux exigences des militaires d&rsquo;aujourd&rsquo;hui. Cette collection compl\u00e8te de parkas, vestes, pantalons, chemises et chemises UBAS allie 4 crit\u00e8res indissociables : r\u00e9sistance, ergonomie, fonctionnalit\u00e9 et technicit\u00e9. L&rsquo;objectif de la collection FIGHTER, vous aider \u00e0 donner le meilleur [&hellip;]<\/p>\n","protected":false},"featured_media":8809,"template":"","meta":[],"product_brand":[],"product_cat":[201],"product_tag":[],"class_list":{"0":"post-8808","1":"product","2":"type-product","3":"status-publish","4":"has-post-thumbnail","6":"product_cat-classique","8":"first","9":"instock","10":"taxable","11":"shipping-taxable","12":"purchasable","13":"product-type-variable"},"_links":{"self":[{"href":"https:\/\/www.dm-boutique.fr\/index.php?rest_route=\/wp\/v2\/product\/8808","targetHints":{"allow":["GET"]}}],"collection":[{"href":"https:\/\/www.dm-boutique.fr\/index.php?rest_route=\/wp\/v2\/product"}],"about":[{"href":"https:\/\/www.dm-boutique.fr\/index.php?rest_route=\/wp\/v2\/types\/product"}],"version-history":[{"count":1,"href":"https:\/\/www.dm-boutique.fr\/index.php?rest_route=\/wp\/v2\/product\/8808\/revisions"}],"predecessor-version":[{"id":8821,"href":"https:\/\/www.dm-boutique.fr\/index.php?rest_route=\/wp\/v2\/product\/8808\/revisions\/8821"}],"wp:featuredmedia":[{"embeddable":true,"href":"https:\/\/www.dm-boutique.fr\/index.php?rest_route=\/wp\/v2\/media\/8809"}],"wp:attachment":[{"href":"https:\/\/www.dm-boutique.fr\/index.php?rest_route=%2Fwp%2Fv2%2Fmedia&parent=8808"}],"wp:term":[{"taxonomy":"product_brand","embeddable":true,"href":"https:\/\/www.dm-boutique.fr\/index.php?rest_route=%2Fwp%2Fv2%2Fproduct_brand&post=8808"},{"taxonomy":"product_cat","embeddable":true,"href":"https:\/\/www.dm-boutique.fr\/index.php?rest_route=%2Fwp%2Fv2%2Fproduct_cat&post=8808"},{"taxonomy":"product_tag","embeddable":true,"href":"https:\/\/www.dm-boutique.fr\/index.php?rest_route=%2Fwp%2Fv2%2Fproduct_tag&post=8808"}],"curies":[{"name":"wp","href":"https:\/\/api.w.org\/{rel}","templated":true}]}}