{"id":8893,"date":"2025-12-19T16:14:44","date_gmt":"2025-12-19T15:14:44","guid":{"rendered":"https:\/\/www.dm-boutique.fr\/?post_type=product&#038;p=8893"},"modified":"2025-12-19T16:15:05","modified_gmt":"2025-12-19T15:15:05","slug":"veste-softshell-fighter-noir","status":"publish","type":"product","link":"https:\/\/www.dm-boutique.fr\/?product=veste-softshell-fighter-noir","title":{"rendered":"Veste Softshell FIGHTER noir"},"content":{"rendered":"<div id=\"description\" class=\"product-description\">\n<div class=\"title\">DESCRIPTION DU PRODUIT<\/div>\n<div class=\"content std\">\n<p>Inspir\u00e9e par les combattants pour les combattants, la gamme FIGHTER, d\u00e9velopp\u00e9e par A10 EQUIPMENT\u00ae, r\u00e9pond aux exigences des militaires d&rsquo;aujourd&rsquo;hui. Cette collection compl\u00e8te de parkas, vestes, pantalons, chemises et chemises UBAS allie 4 crit\u00e8res indissociables : r\u00e9sistance, ergonomie, fonctionnalit\u00e9 et technicit\u00e9. L&rsquo;objectif de la collection FIGHTER, vous aider \u00e0 donner le meilleur de vous-m\u00eame sur tous les th\u00e9\u00e2tres d&rsquo;op\u00e9rations.<\/p>\n<p>Fabriqu\u00e9e en tissu Ripstop 5.0, la veste Softshell FIGHTER poss\u00e8de la technologie SOFT-SHELL 3 LAYERS qui combine une membrane X-PERF imperm\u00e9able\/respirante et une doublure polaire. Avec sa coupe stretch parfaitement \u00e9tudi\u00e9e, vous pouvez \u00e9voluer sur tous les types de terrain avec un confort et une libert\u00e9 de mouvement optimal.<\/p>\n<\/div>\n<\/div>\n<div id=\"fiche-technique\" class=\"product-description\">\n<div class=\"title\">FICHE TECHNIQUE<\/div>\n<div class=\"content std\">PROTECTION :<br \/>\n&#8211; technologie SOFT-SHELL 3 couches<br \/>\n&#8211; membrane X-PERF 3000\/3000 mm imperm\u00e9able et respirante<br \/>\n&#8211; traitement d\u00e9perlant DWR-TECH<br \/>\n&#8211; coupe-vent WIND-PROTECT<br \/>\n&#8211; doublure polaire FLEECE-TECHR\u00c9SISTANCE : tissu Ripstop 5.0<\/p>\n<p>ERGONOMIE :<br \/>\n&#8211; coupe ergonomique adapt\u00e9e aux besoins du combattant<br \/>\n&#8211; tissu stretch X-MOVE 360\u00b0<br \/>\n&#8211; fermeture centrale zipp\u00e9e avec rabat int\u00e9rieur<br \/>\n&#8211; col montant<br \/>\n&#8211; taille r\u00e9glable par \u00e9lastique<br \/>\n&#8211; poignets \u00e9lastiqu\u00e9s<\/p>\n<p>FONCTIONNALIT\u00c9 :<br \/>\n&#8211; 2 poches taille plaqu\u00e9es zipp\u00e9es<br \/>\n&#8211; 2 poches int\u00e9rieures avec fermeture par velcro<br \/>\n&#8211; velcro avec emplacement stylo renforc\u00e9 sur chaque bras<br \/>\n&#8211; label d&rsquo;identification<\/p>\n<p>TECHNICIT\u00c9 : traitement mati\u00e8re TEFLON d\u00e9di\u00e9 aux combattants<\/p>\n<p>COMPOSITION :<br \/>\n&#8211; 100% polyester<br \/>\n&#8211; tissu certifi\u00e9 Oeko-Tex Standard 100<\/p>\n<p>COLORIS : noir<\/p>\n<p>TAILLES : du XS au 4XL<\/p>\n<p>CONSEILS D&rsquo;ENTRETIEN : lavage \u00e0 30\u00b0<\/p>\n<\/div>\n<\/div>\n","protected":false},"excerpt":{"rendered":"<p>DESCRIPTION DU PRODUIT Inspir\u00e9e par les combattants pour les combattants, la gamme FIGHTER, d\u00e9velopp\u00e9e par A10 EQUIPMENT\u00ae, r\u00e9pond aux exigences des militaires d&rsquo;aujourd&rsquo;hui. Cette collection compl\u00e8te de parkas, vestes, pantalons, chemises et chemises UBAS allie 4 crit\u00e8res indissociables : r\u00e9sistance, ergonomie, fonctionnalit\u00e9 et technicit\u00e9. L&rsquo;objectif de la collection FIGHTER, vous aider \u00e0 donner le meilleur [&hellip;]<\/p>\n","protected":false},"featured_media":8902,"template":"","meta":[],"product_brand":[],"product_cat":[201],"product_tag":[],"class_list":{"0":"post-8893","1":"product","2":"type-product","3":"status-publish","4":"has-post-thumbnail","6":"product_cat-classique","8":"first","9":"instock","10":"taxable","11":"shipping-taxable","12":"purchasable","13":"product-type-variable"},"_links":{"self":[{"href":"https:\/\/www.dm-boutique.fr\/index.php?rest_route=\/wp\/v2\/product\/8893","targetHints":{"allow":["GET"]}}],"collection":[{"href":"https:\/\/www.dm-boutique.fr\/index.php?rest_route=\/wp\/v2\/product"}],"about":[{"href":"https:\/\/www.dm-boutique.fr\/index.php?rest_route=\/wp\/v2\/types\/product"}],"version-history":[{"count":2,"href":"https:\/\/www.dm-boutique.fr\/index.php?rest_route=\/wp\/v2\/product\/8893\/revisions"}],"predecessor-version":[{"id":8907,"href":"https:\/\/www.dm-boutique.fr\/index.php?rest_route=\/wp\/v2\/product\/8893\/revisions\/8907"}],"wp:featuredmedia":[{"embeddable":true,"href":"https:\/\/www.dm-boutique.fr\/index.php?rest_route=\/wp\/v2\/media\/8902"}],"wp:attachment":[{"href":"https:\/\/www.dm-boutique.fr\/index.php?rest_route=%2Fwp%2Fv2%2Fmedia&parent=8893"}],"wp:term":[{"taxonomy":"product_brand","embeddable":true,"href":"https:\/\/www.dm-boutique.fr\/index.php?rest_route=%2Fwp%2Fv2%2Fproduct_brand&post=8893"},{"taxonomy":"product_cat","embeddable":true,"href":"https:\/\/www.dm-boutique.fr\/index.php?rest_route=%2Fwp%2Fv2%2Fproduct_cat&post=8893"},{"taxonomy":"product_tag","embeddable":true,"href":"https:\/\/www.dm-boutique.fr\/index.php?rest_route=%2Fwp%2Fv2%2Fproduct_tag&post=8893"}],"curies":[{"name":"wp","href":"https:\/\/api.w.org\/{rel}","templated":true}]}}