{"id":8908,"date":"2025-12-19T20:47:15","date_gmt":"2025-12-19T19:47:15","guid":{"rendered":"https:\/\/www.dm-boutique.fr\/?post_type=product&#038;p=8908"},"modified":"2025-12-19T20:47:15","modified_gmt":"2025-12-19T19:47:15","slug":"poncho-lightshell-secu-one-noir","status":"publish","type":"product","link":"https:\/\/www.dm-boutique.fr\/?product=poncho-lightshell-secu-one-noir","title":{"rendered":"Poncho Lightshell S\u00c9CU-ONE noir"},"content":{"rendered":"<div id=\"description\" class=\"product-description\">\n<div class=\"title\">DESCRIPTION DU PRODUIT<\/div>\n<div class=\"content std\">Parce que chaque homme de terrain est au c\u0153ur de ses pr\u00e9occupations, A10 Equipment propose une collection compl\u00e8te de v\u00eatements, chaussures et accessoires d\u00e9di\u00e9e aux m\u00e9tiers de la S\u00e9curit\u00e9 Priv\u00e9e ; construite autour de 4 axes, r\u00e9sistance, ergonomie, fonctionnalit\u00e9 et technicit\u00e9, la gamme S\u00c9CU-ONE offre le meilleur sans faire de concessions.<\/p>\n<p>Le poncho Lightshell S\u00c9CU-ONE poss\u00e8de la technologie LIGHT-SHELL 2 LAYERS : un tissu ext\u00e9rieur coupe-vent\/d\u00e9perlant et une membrane X-PERF imperm\u00e9able\/respirante indispensable pour rester au sec quelle que soit l&rsquo;intensit\u00e9 de la pluie. Il est conforme au d\u00e9cret du 18\/07\/2023.<\/p><\/div>\n<\/div>\n<div id=\"fiche-technique\" class=\"product-description\">\n<div class=\"title\">FICHE TECHNIQUE<\/div>\n<div class=\"content std\">TECHNICIT\u00c9 :<br \/>\n&#8211; technologie LIGHT-SHELL 2 LAYERS (2 couches)<br \/>\n&#8211; membrane X-PERF 3000\/3000 mm imperm\u00e9able et respirante<br \/>\n&#8211; traitement d\u00e9perlant DWR-TECH<br \/>\n&#8211; coutures \u00e9tanches<\/p>\n<p>ERGONOMIE \/ DESIGN :<br \/>\n&#8211; fermeture centrale zipp\u00e9e \u00e0 double curseur avec rabat int\u00e9rieur<br \/>\n&#8211; capuche fixe \u00e9lastiqu\u00e9e \u00e0 l&rsquo;avant et r\u00e9glable \u00e0 l&rsquo;arri\u00e8re<br \/>\n&#8211; col montant<br \/>\n&#8211; poignets r\u00e9glables par velcro et avec manchons \u00e9lastiqu\u00e9s<\/p>\n<p>FONCTIONNALIT\u00c9 :<br \/>\n&#8211; 2 poches taille plaqu\u00e9es zipp\u00e9es avec rabat de protection<br \/>\n&#8211; 1 poche int\u00e9rieure plaqu\u00e9e zipp\u00e9e<br \/>\n&#8211; 2 velcros bras<br \/>\n&#8211; 1 velcro poitrine compatible avec le porte n\u00b0 identification + logo velcro poitrine S\u00c9CU-ONE (01.203097) et le porte n\u00b0 identification velcro poitrine S\u00c9CU-ONE (01.203098) vendus s\u00e9par\u00e9ment<br \/>\n&#8211; 2 velcros dos (L. 30 x H. 9 cm) et poitrine (L. 13 x H. 5 cm) pour port de patchs amovibles vendus s\u00e9par\u00e9ment<\/p>\n<p>Vendus s\u00e9par\u00e9ment :<br \/>\n* porte n\u00b0 d&rsquo;identification (01.203098) pour l&rsquo;insertion des 7 derniers chiffres de votre n\u00b0 d&rsquo;identification<br \/>\n* porte n\u00b0 d&rsquo;identification + logo velcro poitrine S\u00c9CU-ONE (01.203097) pour l&rsquo;insertion des 7 derniers chiffres de votre n\u00b0 d&rsquo;identification et du logo de votre entreprise<br \/>\n* lot dossard + bande poitrine \u00ab\u00a0S\u00c9CURIT\u00c9 PRIV\u00c9E\u00a0\u00bb (01.202797)<br \/>\n* lot dossard + bande poitrine \u00ab\u00a0SURETE\u00a0\u00bb (01.202790)<br \/>\n* lot dossard + bande poitrine \u00ab\u00a0MAITRE CHIEN\u00a0\u00bb (01.202791)<br \/>\n* lot dossard + bande poitrine \u00ab\u00a0VIGILE\u00a0\u00bb (01.202792)<br \/>\n* lot dossard + bande poitrine \u00ab\u00a0PROTECTION\u00a0\u00bb (01.202793)<br \/>\n* lot dossard + bande poitrine \u00ab\u00a0INTERVENTION\u00a0\u00bb (01.202794)<br \/>\n* lot dossard + bande poitrine \u00ab\u00a0SECURITE INCENDIE\u00a0\u00bb (01.202795)<br \/>\n* lot dossard + bande poitrine \u00ab\u00a0S.S.I.A.P\u00a0\u00bb (01.202796)<br \/>\n* lot dossard + bande poitrine \u00ab\u00a0SECURITY\u00a0\u00bb (01.202798)<\/p>\n<p>COMPOSITION :<br \/>\n&#8211; 100% polyester<br \/>\n&#8211; tissu certifi\u00e9 Oeko-Tex Standard 100<\/p>\n<p>COLORIS : noir<\/p>\n<p>TAILLES : du XS\/S au 3XL\/4XL<\/p>\n<p>CONSEILS D&rsquo;ENTRETIEN : lavage \u00e0 30\u00b0<\/p><\/div>\n<\/div>\n","protected":false},"excerpt":{"rendered":"<p>DESCRIPTION DU PRODUIT Parce que chaque homme de terrain est au c\u0153ur de ses pr\u00e9occupations, A10 Equipment propose une collection compl\u00e8te de v\u00eatements, chaussures et accessoires d\u00e9di\u00e9e aux m\u00e9tiers de la S\u00e9curit\u00e9 Priv\u00e9e ; construite autour de 4 axes, r\u00e9sistance, ergonomie, fonctionnalit\u00e9 et technicit\u00e9, la gamme S\u00c9CU-ONE offre le meilleur sans faire de concessions. Le [&hellip;]<\/p>\n","protected":false},"featured_media":8925,"template":"","meta":[],"product_brand":[],"product_cat":[193,151],"product_tag":[],"class_list":{"0":"post-8908","1":"product","2":"type-product","3":"status-publish","4":"has-post-thumbnail","6":"product_cat-hauts-sp","7":"product_cat-securite-privee","9":"first","10":"instock","11":"taxable","12":"shipping-taxable","13":"purchasable","14":"product-type-variable"},"_links":{"self":[{"href":"https:\/\/www.dm-boutique.fr\/index.php?rest_route=\/wp\/v2\/product\/8908","targetHints":{"allow":["GET"]}}],"collection":[{"href":"https:\/\/www.dm-boutique.fr\/index.php?rest_route=\/wp\/v2\/product"}],"about":[{"href":"https:\/\/www.dm-boutique.fr\/index.php?rest_route=\/wp\/v2\/types\/product"}],"version-history":[{"count":1,"href":"https:\/\/www.dm-boutique.fr\/index.php?rest_route=\/wp\/v2\/product\/8908\/revisions"}],"predecessor-version":[{"id":8929,"href":"https:\/\/www.dm-boutique.fr\/index.php?rest_route=\/wp\/v2\/product\/8908\/revisions\/8929"}],"wp:featuredmedia":[{"embeddable":true,"href":"https:\/\/www.dm-boutique.fr\/index.php?rest_route=\/wp\/v2\/media\/8925"}],"wp:attachment":[{"href":"https:\/\/www.dm-boutique.fr\/index.php?rest_route=%2Fwp%2Fv2%2Fmedia&parent=8908"}],"wp:term":[{"taxonomy":"product_brand","embeddable":true,"href":"https:\/\/www.dm-boutique.fr\/index.php?rest_route=%2Fwp%2Fv2%2Fproduct_brand&post=8908"},{"taxonomy":"product_cat","embeddable":true,"href":"https:\/\/www.dm-boutique.fr\/index.php?rest_route=%2Fwp%2Fv2%2Fproduct_cat&post=8908"},{"taxonomy":"product_tag","embeddable":true,"href":"https:\/\/www.dm-boutique.fr\/index.php?rest_route=%2Fwp%2Fv2%2Fproduct_tag&post=8908"}],"curies":[{"name":"wp","href":"https:\/\/api.w.org\/{rel}","templated":true}]}}