{"id":9078,"date":"2025-12-20T08:16:36","date_gmt":"2025-12-20T07:16:36","guid":{"rendered":"https:\/\/www.dm-boutique.fr\/?post_type=product&#038;p=9078"},"modified":"2025-12-20T08:16:36","modified_gmt":"2025-12-20T07:16:36","slug":"veste-polaire-fighter-noir","status":"publish","type":"product","link":"https:\/\/www.dm-boutique.fr\/?product=veste-polaire-fighter-noir","title":{"rendered":"Veste Polaire FIGHTER noir"},"content":{"rendered":"<div id=\"description\" class=\"product-description\">\n<div class=\"title\">DESCRIPTION DU PRODUIT<\/div>\n<div class=\"content std\">Inspir\u00e9e par les combattants pour les combattants, la gamme FIGHTER, d\u00e9velopp\u00e9e par A10 EQUIPMENT\u00ae, r\u00e9pond aux exigences des militaires d&rsquo;aujourd&rsquo;hui. Cette collection compl\u00e8te de parkas, vestes, pantalons, chemises et chemises UBAS allie 4 crit\u00e8res indissociables : r\u00e9sistance, ergonomie, fonctionnalit\u00e9 et technicit\u00e9. L&rsquo;objectif de la collection FIGHTER, vous aider \u00e0 donner le meilleur de vous-m\u00eame sur tous les th\u00e9\u00e2tres d&rsquo;op\u00e9rations.<\/p>\n<p>Fabriqu\u00e9e en tissu FLEECE-TECH, la veste Polaire FIGHTER assure une bonne isolation thermique. Avec sa coupe parfaitement \u00e9tudi\u00e9e et ses \u00e9paules renforc\u00e9es en CORDURA, vous pouvez \u00e9voluer sur tous les types de terrain avec un confort et une libert\u00e9 de mouvement optimal.<\/p><\/div>\n<\/div>\n<div id=\"fiche-technique\" class=\"product-description\">\n<div class=\"title\">FICHE TECHNIQUE<\/div>\n<div class=\"content std\">PROTECTION :<br \/>\n&#8211; tissu FLEECE-TECH<br \/>\n&#8211; isolation thermique<br \/>\n&#8211; int\u00e9rieur gratt\u00e9 \u00e0 double boucles<\/p>\n<p>R\u00c9SISTANCE :<br \/>\n&#8211; zones (\u00e9paules, zip garage) renforc\u00e9es en CORDURA<br \/>\n&#8211; coutures principales double piq\u00fbres<\/p>\n<p>ERGONOMIE :<br \/>\n&#8211; coupe fit<br \/>\n&#8211; fermeture centrale zipp\u00e9e avec rabat int\u00e9rieur<br \/>\n&#8211; col montant<br \/>\n&#8211; taille r\u00e9glable par \u00e9lastique<br \/>\n&#8211; poignets \u00e9lastiqu\u00e9s<\/p>\n<p>FONCTIONNALIT\u00c9 :<br \/>\n&#8211; 2 grandes poches taille plaqu\u00e9es zipp\u00e9es et doubl\u00e9es polaire<br \/>\n&#8211; 2 poches bras plaqu\u00e9es zipp\u00e9es<br \/>\n&#8211; velcros bras avec emplacement stylo renforc\u00e9<br \/>\n&#8211; label d&rsquo;identification<\/p>\n<p>COMPOSITION :<br \/>\n&#8211; 100% polyester ; 400 g\/m\u00b2<br \/>\n&#8211; tissu certifi\u00e9 Oeko-Tex Standard 100<\/p>\n<p>COLORIS : noir<\/p>\n<p>TAILLES : du XS au 4XL<\/p>\n<p>CONSEILS D&rsquo;ENTRETIEN : lavage \u00e0 30\u00b0<\/p><\/div>\n<\/div>\n","protected":false},"excerpt":{"rendered":"<p>DESCRIPTION DU PRODUIT Inspir\u00e9e par les combattants pour les combattants, la gamme FIGHTER, d\u00e9velopp\u00e9e par A10 EQUIPMENT\u00ae, r\u00e9pond aux exigences des militaires d&rsquo;aujourd&rsquo;hui. Cette collection compl\u00e8te de parkas, vestes, pantalons, chemises et chemises UBAS allie 4 crit\u00e8res indissociables : r\u00e9sistance, ergonomie, fonctionnalit\u00e9 et technicit\u00e9. L&rsquo;objectif de la collection FIGHTER, vous aider \u00e0 donner le meilleur [&hellip;]<\/p>\n","protected":false},"featured_media":9087,"template":"","meta":[],"product_brand":[],"product_cat":[201],"product_tag":[],"class_list":{"0":"post-9078","1":"product","2":"type-product","3":"status-publish","4":"has-post-thumbnail","6":"product_cat-classique","8":"first","9":"instock","10":"taxable","11":"shipping-taxable","12":"purchasable","13":"product-type-variable"},"_links":{"self":[{"href":"https:\/\/www.dm-boutique.fr\/index.php?rest_route=\/wp\/v2\/product\/9078","targetHints":{"allow":["GET"]}}],"collection":[{"href":"https:\/\/www.dm-boutique.fr\/index.php?rest_route=\/wp\/v2\/product"}],"about":[{"href":"https:\/\/www.dm-boutique.fr\/index.php?rest_route=\/wp\/v2\/types\/product"}],"version-history":[{"count":1,"href":"https:\/\/www.dm-boutique.fr\/index.php?rest_route=\/wp\/v2\/product\/9078\/revisions"}],"predecessor-version":[{"id":9091,"href":"https:\/\/www.dm-boutique.fr\/index.php?rest_route=\/wp\/v2\/product\/9078\/revisions\/9091"}],"wp:featuredmedia":[{"embeddable":true,"href":"https:\/\/www.dm-boutique.fr\/index.php?rest_route=\/wp\/v2\/media\/9087"}],"wp:attachment":[{"href":"https:\/\/www.dm-boutique.fr\/index.php?rest_route=%2Fwp%2Fv2%2Fmedia&parent=9078"}],"wp:term":[{"taxonomy":"product_brand","embeddable":true,"href":"https:\/\/www.dm-boutique.fr\/index.php?rest_route=%2Fwp%2Fv2%2Fproduct_brand&post=9078"},{"taxonomy":"product_cat","embeddable":true,"href":"https:\/\/www.dm-boutique.fr\/index.php?rest_route=%2Fwp%2Fv2%2Fproduct_cat&post=9078"},{"taxonomy":"product_tag","embeddable":true,"href":"https:\/\/www.dm-boutique.fr\/index.php?rest_route=%2Fwp%2Fv2%2Fproduct_tag&post=9078"}],"curies":[{"name":"wp","href":"https:\/\/api.w.org\/{rel}","templated":true}]}}