{"id":9092,"date":"2025-12-20T08:20:05","date_gmt":"2025-12-20T07:20:05","guid":{"rendered":"https:\/\/www.dm-boutique.fr\/?post_type=product&#038;p=9092"},"modified":"2025-12-20T08:20:06","modified_gmt":"2025-12-20T07:20:06","slug":"chemise-ubas-v2-fighter-noir","status":"publish","type":"product","link":"https:\/\/www.dm-boutique.fr\/?product=chemise-ubas-v2-fighter-noir","title":{"rendered":"Chemise UBAS V2 FIGHTER noir"},"content":{"rendered":"<div id=\"description\" class=\"product-description\">\n<div class=\"title\">DESCRIPTION DU PRODUIT<\/div>\n<div class=\"content std\">Inspir\u00e9e par les combattants pour les combattants, la gamme FIGHTER, d\u00e9velopp\u00e9e par A10 EQUIPMENT\u00ae, r\u00e9pond aux exigences des militaires d&rsquo;aujourd&rsquo;hui. Cette collection compl\u00e8te de parkas, vestes, pantalons, chemises et chemises UBAS allie 4 crit\u00e8res indissociables : r\u00e9sistance, ergonomie, fonctionnalit\u00e9 et technicit\u00e9. L&rsquo;objectif de la collection FIGHTER, vous aider \u00e0 donner le meilleur de vous-m\u00eame sur tous les th\u00e9\u00e2tres d&rsquo;op\u00e9rations.<\/p>\n<p>Fabriqu\u00e9e en tissu bi-mati\u00e8re (tissu Ripstop 5.0 et 100% coton), la chemise UBAS V2 FIGHTER poss\u00e8de de multiples fonctions, notamment au niveau des \u00e9paules et des coudes renforc\u00e9s en CORDURA. Ces derniers sont aussi dot\u00e9s de poches int\u00e9rieures pour l&rsquo;insert de protections. Gr\u00e2ce \u00e0 sa coupe parfaitement \u00e9tudi\u00e9e, vous pouvez \u00e9voluer sur tous les types de terrain avec un confort et une libert\u00e9 de mouvement optimal. Le plus, la surface ext\u00e9rieure du tissu Ripstop poss\u00e8de un double traitement, TEFLON et IR-PROTECT &#8211; Infra Red Protection &#8211; qui en fait un alli\u00e9 indispensable du combattant.<\/p>\n<p>Compatible avec les coudi\u00e8res internes P5 de la marque D3O (r\u00e9f 09.600010) vendues s\u00e9par\u00e9ment.<\/p><\/div>\n<\/div>\n<div id=\"fiche-technique\" class=\"product-description\">\n<div class=\"title\">FICHE TECHNIQUE<\/div>\n<div class=\"content std\">R\u00c9SISTANCE :<br \/>\n&#8211; buste en coton<br \/>\n&#8211; \u00e9paules et manches en Ripstop 5.0<br \/>\n&#8211; coudes renforc\u00e9s et ajust\u00e9s en CORDURA<br \/>\n&#8211; coutures principales doubles piq\u00fbres<\/p>\n<p>ERGONOMIE :<br \/>\n&#8211; coupe ergonomique adapt\u00e9e aux besoins du combattant<br \/>\n&#8211; \u00e9paules et coudes renforc\u00e9s en CORDURA et mousse micro perfor\u00e9e<br \/>\n&#8211; d\u00e9coupe aisselles en mesh respirant<br \/>\n&#8211; poignets profil\u00e9s r\u00e9glables par velcro<br \/>\n&#8211; coutures buste plates<br \/>\n&#8211; col semi-montant zipp\u00e9<br \/>\n&#8211; d\u00e9coupe dos rallong\u00e9e<\/p>\n<p>FONCTIONNALIT\u00c9 :<br \/>\n&#8211; 2 poches bras plaqu\u00e9es zipp\u00e9es<br \/>\n&#8211; velcro avec emplacement stylo renforc\u00e9<br \/>\n&#8211; 2 compartiments int\u00e9rieurs pour coudi\u00e8res P5 de la marque D3O (vendues s\u00e9par\u00e9ment)<br \/>\n&#8211; mousse micro-perfor\u00e9e int\u00e9gr\u00e9e dans les compartiments coudes<br \/>\n&#8211; bas du v\u00eatement avec bande antid\u00e9rapante en silicone<\/p>\n<p>TECHNICIT\u00c9 : traitements mati\u00e8re (TEFLON, IR-PROTECT) d\u00e9di\u00e9s aux combattants<\/p>\n<p>COMPOSITION :<br \/>\n&#8211; 80% coton 15% polyester 3% nylon 2% \u00e9lasthanne ; 210 g\/m\u00b2<br \/>\n&#8211; Tissu certifi\u00e9 Oeko-Tex Standard 100<\/p>\n<p>COLORIS : noir<\/p>\n<p>TAILLES : du XS au 3XL<\/p>\n<p>CONSEILS D&rsquo;ENTRETIEN : lavage \u00e0 30\u00b0<\/p><\/div>\n<\/div>\n","protected":false},"excerpt":{"rendered":"<p>DESCRIPTION DU PRODUIT Inspir\u00e9e par les combattants pour les combattants, la gamme FIGHTER, d\u00e9velopp\u00e9e par A10 EQUIPMENT\u00ae, r\u00e9pond aux exigences des militaires d&rsquo;aujourd&rsquo;hui. Cette collection compl\u00e8te de parkas, vestes, pantalons, chemises et chemises UBAS allie 4 crit\u00e8res indissociables : r\u00e9sistance, ergonomie, fonctionnalit\u00e9 et technicit\u00e9. L&rsquo;objectif de la collection FIGHTER, vous aider \u00e0 donner le meilleur [&hellip;]<\/p>\n","protected":false},"featured_media":9101,"template":"","meta":[],"product_brand":[],"product_cat":[201],"product_tag":[],"class_list":{"0":"post-9092","1":"product","2":"type-product","3":"status-publish","4":"has-post-thumbnail","6":"product_cat-classique","8":"first","9":"instock","10":"taxable","11":"shipping-taxable","12":"purchasable","13":"product-type-variable"},"_links":{"self":[{"href":"https:\/\/www.dm-boutique.fr\/index.php?rest_route=\/wp\/v2\/product\/9092","targetHints":{"allow":["GET"]}}],"collection":[{"href":"https:\/\/www.dm-boutique.fr\/index.php?rest_route=\/wp\/v2\/product"}],"about":[{"href":"https:\/\/www.dm-boutique.fr\/index.php?rest_route=\/wp\/v2\/types\/product"}],"version-history":[{"count":1,"href":"https:\/\/www.dm-boutique.fr\/index.php?rest_route=\/wp\/v2\/product\/9092\/revisions"}],"predecessor-version":[{"id":9105,"href":"https:\/\/www.dm-boutique.fr\/index.php?rest_route=\/wp\/v2\/product\/9092\/revisions\/9105"}],"wp:featuredmedia":[{"embeddable":true,"href":"https:\/\/www.dm-boutique.fr\/index.php?rest_route=\/wp\/v2\/media\/9101"}],"wp:attachment":[{"href":"https:\/\/www.dm-boutique.fr\/index.php?rest_route=%2Fwp%2Fv2%2Fmedia&parent=9092"}],"wp:term":[{"taxonomy":"product_brand","embeddable":true,"href":"https:\/\/www.dm-boutique.fr\/index.php?rest_route=%2Fwp%2Fv2%2Fproduct_brand&post=9092"},{"taxonomy":"product_cat","embeddable":true,"href":"https:\/\/www.dm-boutique.fr\/index.php?rest_route=%2Fwp%2Fv2%2Fproduct_cat&post=9092"},{"taxonomy":"product_tag","embeddable":true,"href":"https:\/\/www.dm-boutique.fr\/index.php?rest_route=%2Fwp%2Fv2%2Fproduct_tag&post=9092"}],"curies":[{"name":"wp","href":"https:\/\/api.w.org\/{rel}","templated":true}]}}