{"id":9157,"date":"2025-12-20T09:09:13","date_gmt":"2025-12-20T08:09:13","guid":{"rendered":"https:\/\/www.dm-boutique.fr\/?post_type=product&#038;p=9157"},"modified":"2026-02-07T08:30:49","modified_gmt":"2026-02-07T07:30:49","slug":"ceinture-secu-one-40-mm-noir","status":"publish","type":"product","link":"https:\/\/www.dm-boutique.fr\/?product=ceinture-secu-one-40-mm-noir","title":{"rendered":"Ceinture S\u00c9CU-ONE 40 mm noir"},"content":{"rendered":"<div id=\"description\" class=\"product-description\">\n<div class=\"title\">DESCRIPTION DU PRODUIT<\/div>\n<div class=\"content std\">Parce que chaque homme de terrain est au c\u0153ur de ses pr\u00e9occupations, A10 Equipment propose une collection compl\u00e8te de v\u00eatements, chaussures et accessoires d\u00e9di\u00e9e aux m\u00e9tiers de la S\u00e9curit\u00e9 Priv\u00e9e ; construite autour de 4 axes, r\u00e9sistance, ergonomie, fonctionnalit\u00e9 et technicit\u00e9, la gamme S\u00c9CU-ONE offre le meilleur sans faire de concessions.<\/div>\n<\/div>\n<div id=\"fiche-technique\" class=\"product-description\">\n<div class=\"title\">FICHE TECHNIQUE<\/div>\n<div class=\"content std\">FONCTIONNALIT\u00c9 :<br \/>\n&#8211; largeur : 40 mm<br \/>\n&#8211; boucle plastique<br \/>\n&#8211; taille ajustable par velcroCOMPOSITION : 100% nylonCOLORIS : noir<\/p>\n<p>TOURS DE TAILLE :<br \/>\n&#8211; S = 75\/90 cm<br \/>\n&#8211; M = 85\/100 cm<br \/>\n&#8211; L = 95\/110 cm<br \/>\n&#8211; XL = 105\/120 cm<br \/>\n&#8211; 2XL = 115\/130 cm<\/p>\n<\/div>\n<\/div>\n","protected":false},"excerpt":{"rendered":"<p>DESCRIPTION DU PRODUIT Parce que chaque homme de terrain est au c\u0153ur de ses pr\u00e9occupations, A10 Equipment propose une collection compl\u00e8te de v\u00eatements, chaussures et accessoires d\u00e9di\u00e9e aux m\u00e9tiers de la S\u00e9curit\u00e9 Priv\u00e9e ; construite autour de 4 axes, r\u00e9sistance, ergonomie, fonctionnalit\u00e9 et technicit\u00e9, la gamme S\u00c9CU-ONE offre le meilleur sans faire de concessions. FICHE [&hellip;]<\/p>\n","protected":false},"featured_media":9163,"template":"","meta":[],"product_brand":[],"product_cat":[204],"product_tag":[],"class_list":{"0":"post-9157","1":"product","2":"type-product","3":"status-publish","4":"has-post-thumbnail","6":"product_cat-accessoires","8":"first","9":"instock","10":"taxable","11":"shipping-taxable","12":"purchasable","13":"product-type-variable"},"_links":{"self":[{"href":"https:\/\/www.dm-boutique.fr\/index.php?rest_route=\/wp\/v2\/product\/9157","targetHints":{"allow":["GET"]}}],"collection":[{"href":"https:\/\/www.dm-boutique.fr\/index.php?rest_route=\/wp\/v2\/product"}],"about":[{"href":"https:\/\/www.dm-boutique.fr\/index.php?rest_route=\/wp\/v2\/types\/product"}],"version-history":[{"count":3,"href":"https:\/\/www.dm-boutique.fr\/index.php?rest_route=\/wp\/v2\/product\/9157\/revisions"}],"predecessor-version":[{"id":9260,"href":"https:\/\/www.dm-boutique.fr\/index.php?rest_route=\/wp\/v2\/product\/9157\/revisions\/9260"}],"wp:featuredmedia":[{"embeddable":true,"href":"https:\/\/www.dm-boutique.fr\/index.php?rest_route=\/wp\/v2\/media\/9163"}],"wp:attachment":[{"href":"https:\/\/www.dm-boutique.fr\/index.php?rest_route=%2Fwp%2Fv2%2Fmedia&parent=9157"}],"wp:term":[{"taxonomy":"product_brand","embeddable":true,"href":"https:\/\/www.dm-boutique.fr\/index.php?rest_route=%2Fwp%2Fv2%2Fproduct_brand&post=9157"},{"taxonomy":"product_cat","embeddable":true,"href":"https:\/\/www.dm-boutique.fr\/index.php?rest_route=%2Fwp%2Fv2%2Fproduct_cat&post=9157"},{"taxonomy":"product_tag","embeddable":true,"href":"https:\/\/www.dm-boutique.fr\/index.php?rest_route=%2Fwp%2Fv2%2Fproduct_tag&post=9157"}],"curies":[{"name":"wp","href":"https:\/\/api.w.org\/{rel}","templated":true}]}}