{"id":9188,"date":"2026-02-05T13:30:35","date_gmt":"2026-02-05T12:30:35","guid":{"rendered":"https:\/\/www.dm-boutique.fr\/?post_type=product&#038;p=9188"},"modified":"2026-02-05T13:31:43","modified_gmt":"2026-02-05T12:31:43","slug":"cagoule-thermo-performer-0c-10c-noir","status":"publish","type":"product","link":"https:\/\/www.dm-boutique.fr\/?product=cagoule-thermo-performer-0c-10c-noir","title":{"rendered":"Cagoule THERMO PERFORMER 0\u00b0C > -10\u00b0C noir"},"content":{"rendered":"<div class=\"title\">FICHE TECHNIQUE<\/div>\n<div class=\"content std\">ISOLATION THERMIQUE :<br \/>\n&#8211; indice d&rsquo;isolation thermique HEAT PROTECT \u00e9lev\u00e9<br \/>\n&gt; indice confort : 0\u00b0C (temp\u00e9rature \u00e0 laquelle le produit procure une chaleur id\u00e9ale)<br \/>\n&gt; indice extr\u00eame : -10\u00b0C (temp\u00e9rature minimale \u00e0 laquelle le produit reste efficace)<br \/>\n&#8211; thermo-r\u00e9gulant<br \/>\n&#8211; \u00e9vacuation rapide de la transpirationERGONOMIE :<br \/>\n&#8211; tissu stretch X-MOVE 360\u00b0<br \/>\n&#8211; coutures platesCOMPOSITION :<br \/>\n&#8211; 80% polyester 20% nylon ; 210g\/m\u00b2<br \/>\n&#8211; tissu certifi\u00e9 Oeko-Tex Standard 100<\/p>\n<p>COLORIS : noir<\/p>\n<p>TAILLES : taille unique<\/p>\n<p>CONSEILS D&rsquo;ENTRETIEN : lavage \u00e0 30\u00b0<\/p>\n<\/div>\n","protected":false},"excerpt":{"rendered":"<p>FICHE TECHNIQUE ISOLATION THERMIQUE : &#8211; indice d&rsquo;isolation thermique HEAT PROTECT \u00e9lev\u00e9 &gt; indice confort : 0\u00b0C (temp\u00e9rature \u00e0 laquelle le produit procure une chaleur id\u00e9ale) &gt; indice extr\u00eame : -10\u00b0C (temp\u00e9rature minimale \u00e0 laquelle le produit reste efficace) &#8211; thermo-r\u00e9gulant &#8211; \u00e9vacuation rapide de la transpirationERGONOMIE : &#8211; tissu stretch X-MOVE 360\u00b0 &#8211; coutures [&hellip;]<\/p>\n","protected":false},"featured_media":9189,"template":"","meta":[],"product_brand":[],"product_cat":[204,200,201,150,151],"product_tag":[],"class_list":{"0":"post-9188","1":"product","2":"type-product","3":"status-publish","4":"has-post-thumbnail","6":"product_cat-accessoires","7":"product_cat-camouflage","8":"product_cat-classique","9":"product_cat-securite-incendie","10":"product_cat-securite-privee","12":"first","13":"instock","14":"taxable","15":"shipping-taxable","16":"purchasable","17":"product-type-simple"},"_links":{"self":[{"href":"https:\/\/www.dm-boutique.fr\/index.php?rest_route=\/wp\/v2\/product\/9188","targetHints":{"allow":["GET"]}}],"collection":[{"href":"https:\/\/www.dm-boutique.fr\/index.php?rest_route=\/wp\/v2\/product"}],"about":[{"href":"https:\/\/www.dm-boutique.fr\/index.php?rest_route=\/wp\/v2\/types\/product"}],"version-history":[{"count":3,"href":"https:\/\/www.dm-boutique.fr\/index.php?rest_route=\/wp\/v2\/product\/9188\/revisions"}],"predecessor-version":[{"id":9192,"href":"https:\/\/www.dm-boutique.fr\/index.php?rest_route=\/wp\/v2\/product\/9188\/revisions\/9192"}],"wp:featuredmedia":[{"embeddable":true,"href":"https:\/\/www.dm-boutique.fr\/index.php?rest_route=\/wp\/v2\/media\/9189"}],"wp:attachment":[{"href":"https:\/\/www.dm-boutique.fr\/index.php?rest_route=%2Fwp%2Fv2%2Fmedia&parent=9188"}],"wp:term":[{"taxonomy":"product_brand","embeddable":true,"href":"https:\/\/www.dm-boutique.fr\/index.php?rest_route=%2Fwp%2Fv2%2Fproduct_brand&post=9188"},{"taxonomy":"product_cat","embeddable":true,"href":"https:\/\/www.dm-boutique.fr\/index.php?rest_route=%2Fwp%2Fv2%2Fproduct_cat&post=9188"},{"taxonomy":"product_tag","embeddable":true,"href":"https:\/\/www.dm-boutique.fr\/index.php?rest_route=%2Fwp%2Fv2%2Fproduct_tag&post=9188"}],"curies":[{"name":"wp","href":"https:\/\/api.w.org\/{rel}","templated":true}]}}