{"id":9214,"date":"2026-02-05T13:47:30","date_gmt":"2026-02-05T12:47:30","guid":{"rendered":"https:\/\/www.dm-boutique.fr\/?post_type=product&#038;p=9214"},"modified":"2026-02-05T13:47:30","modified_gmt":"2026-02-05T12:47:30","slug":"tour-de-cou-thermo-performer-0c-10c-noir","status":"publish","type":"product","link":"https:\/\/www.dm-boutique.fr\/?product=tour-de-cou-thermo-performer-0c-10c-noir","title":{"rendered":"Tour de cou THERMO PERFORMER 0\u00b0C > -10\u00b0C noir"},"content":{"rendered":"<div class=\"title\">FICHE TECHNIQUE<\/div>\n<div class=\"content std\">ISOLATION THERMIQUE :<br \/>\n&#8211; indice d&rsquo;isolation thermique HEAT PROTECT \u00e9lev\u00e9<br \/>\n&gt; indice confort : 0\u00b0C (temp\u00e9rature \u00e0 laquelle le produit procure une chaleur id\u00e9ale)<br \/>\n&gt; indice extr\u00eame : -10\u00b0C (temp\u00e9rature minimale \u00e0 laquelle le produit reste efficace)<br \/>\n&#8211; construction bi-mati\u00e8re en FLEECE TECH SQR et stretch<br \/>\n&#8211; thermo-r\u00e9gulant<br \/>\n&#8211; \u00e9vacuation rapide de la transpiration<\/p>\n<p>ERGONOMIE :<br \/>\n&#8211; tissu stretch X-MOVE 360\u00b0<br \/>\n&#8211; coutures plates<\/p>\n<p>COMPOSITION :<br \/>\n&#8211; 97% polyester 3% nylon ; 240g\/m\u00b2<br \/>\n&#8211; tissu certifi\u00e9 Oeko-Tex Standard 100<\/p>\n<p>COLORIS : noir<\/p>\n<p>TAILLES : taille unique<\/p>\n<p>CONSEILS D&rsquo;ENTRETIEN : lavage \u00e0 30\u00b0<\/p><\/div>\n","protected":false},"excerpt":{"rendered":"<p>FICHE TECHNIQUE ISOLATION THERMIQUE : &#8211; indice d&rsquo;isolation thermique HEAT PROTECT \u00e9lev\u00e9 &gt; indice confort : 0\u00b0C (temp\u00e9rature \u00e0 laquelle le produit procure une chaleur id\u00e9ale) &gt; indice extr\u00eame : -10\u00b0C (temp\u00e9rature minimale \u00e0 laquelle le produit reste efficace) &#8211; construction bi-mati\u00e8re en FLEECE TECH SQR et stretch &#8211; thermo-r\u00e9gulant &#8211; \u00e9vacuation rapide de la [&hellip;]<\/p>\n","protected":false},"featured_media":9215,"template":"","meta":[],"product_brand":[],"product_cat":[204,200,201,150,151],"product_tag":[],"class_list":{"0":"post-9214","1":"product","2":"type-product","3":"status-publish","4":"has-post-thumbnail","6":"product_cat-accessoires","7":"product_cat-camouflage","8":"product_cat-classique","9":"product_cat-securite-incendie","10":"product_cat-securite-privee","12":"first","13":"instock","14":"taxable","15":"shipping-taxable","16":"purchasable","17":"product-type-simple"},"_links":{"self":[{"href":"https:\/\/www.dm-boutique.fr\/index.php?rest_route=\/wp\/v2\/product\/9214","targetHints":{"allow":["GET"]}}],"collection":[{"href":"https:\/\/www.dm-boutique.fr\/index.php?rest_route=\/wp\/v2\/product"}],"about":[{"href":"https:\/\/www.dm-boutique.fr\/index.php?rest_route=\/wp\/v2\/types\/product"}],"version-history":[{"count":1,"href":"https:\/\/www.dm-boutique.fr\/index.php?rest_route=\/wp\/v2\/product\/9214\/revisions"}],"predecessor-version":[{"id":9216,"href":"https:\/\/www.dm-boutique.fr\/index.php?rest_route=\/wp\/v2\/product\/9214\/revisions\/9216"}],"wp:featuredmedia":[{"embeddable":true,"href":"https:\/\/www.dm-boutique.fr\/index.php?rest_route=\/wp\/v2\/media\/9215"}],"wp:attachment":[{"href":"https:\/\/www.dm-boutique.fr\/index.php?rest_route=%2Fwp%2Fv2%2Fmedia&parent=9214"}],"wp:term":[{"taxonomy":"product_brand","embeddable":true,"href":"https:\/\/www.dm-boutique.fr\/index.php?rest_route=%2Fwp%2Fv2%2Fproduct_brand&post=9214"},{"taxonomy":"product_cat","embeddable":true,"href":"https:\/\/www.dm-boutique.fr\/index.php?rest_route=%2Fwp%2Fv2%2Fproduct_cat&post=9214"},{"taxonomy":"product_tag","embeddable":true,"href":"https:\/\/www.dm-boutique.fr\/index.php?rest_route=%2Fwp%2Fv2%2Fproduct_tag&post=9214"}],"curies":[{"name":"wp","href":"https:\/\/api.w.org\/{rel}","templated":true}]}}