{"id":9217,"date":"2026-02-05T13:49:13","date_gmt":"2026-02-05T12:49:13","guid":{"rendered":"https:\/\/www.dm-boutique.fr\/?post_type=product&#038;p=9217"},"modified":"2026-02-05T13:49:14","modified_gmt":"2026-02-05T12:49:14","slug":"bonnet-secu-one-securite-privee-noir","status":"publish","type":"product","link":"https:\/\/www.dm-boutique.fr\/?product=bonnet-secu-one-securite-privee-noir","title":{"rendered":"Bonnet S\u00c9CU-ONE S\u00e9curit\u00e9 Priv\u00e9e noir"},"content":{"rendered":"<div id=\"description\" class=\"product-description\">\n<div class=\"title\">DESCRIPTION DU PRODUIT<\/div>\n<div class=\"content std\">Parce que chaque homme de terrain est au c\u0153ur de ses pr\u00e9occupations, A10 Equipment propose une collection compl\u00e8te de v\u00eatements, chaussures et accessoires d\u00e9di\u00e9e aux m\u00e9tiers de la S\u00e9curit\u00e9 Priv\u00e9e ; construite autour de 4 axes, r\u00e9sistance, ergonomie, fonctionnalit\u00e9 et technicit\u00e9, la gamme S\u00c9CU-ONE offre le meilleur sans faire de concessions.<\/p>\n<p>La bonnet S\u00c9CU-ONE S\u00e9curit\u00e9 offre un bon compromis entre protection et confort.<\/p><\/div>\n<\/div>\n<div id=\"fiche-technique\" class=\"product-description\">\n<div class=\"title\">FICHE TECHNIQUE<\/div>\n<div class=\"content std\">FONCTIONNALIT\u00c9 :<br \/>\n&#8211; tissu doubl\u00e9<br \/>\n&#8211; marquage \u00ab\u00a0SECURIT\u00c9 PRIV\u00c9E\u00a0\u00bb<\/p>\n<p>COMPOSITION : 100% acrylique<\/p>\n<p>COLORIS : noir<\/p>\n<p>TAILLES : taille unique<\/p>\n<p>CONSEILS D&rsquo;ENTRETIEN : lavage \u00e0 30\u00b0<\/p><\/div>\n<\/div>\n","protected":false},"excerpt":{"rendered":"<p>DESCRIPTION DU PRODUIT Parce que chaque homme de terrain est au c\u0153ur de ses pr\u00e9occupations, A10 Equipment propose une collection compl\u00e8te de v\u00eatements, chaussures et accessoires d\u00e9di\u00e9e aux m\u00e9tiers de la S\u00e9curit\u00e9 Priv\u00e9e ; construite autour de 4 axes, r\u00e9sistance, ergonomie, fonctionnalit\u00e9 et technicit\u00e9, la gamme S\u00c9CU-ONE offre le meilleur sans faire de concessions. La [&hellip;]<\/p>\n","protected":false},"featured_media":9218,"template":"","meta":[],"product_brand":[],"product_cat":[204,151],"product_tag":[],"class_list":{"0":"post-9217","1":"product","2":"type-product","3":"status-publish","4":"has-post-thumbnail","6":"product_cat-accessoires","7":"product_cat-securite-privee","9":"first","10":"instock","11":"taxable","12":"shipping-taxable","13":"purchasable","14":"product-type-simple"},"_links":{"self":[{"href":"https:\/\/www.dm-boutique.fr\/index.php?rest_route=\/wp\/v2\/product\/9217","targetHints":{"allow":["GET"]}}],"collection":[{"href":"https:\/\/www.dm-boutique.fr\/index.php?rest_route=\/wp\/v2\/product"}],"about":[{"href":"https:\/\/www.dm-boutique.fr\/index.php?rest_route=\/wp\/v2\/types\/product"}],"version-history":[{"count":1,"href":"https:\/\/www.dm-boutique.fr\/index.php?rest_route=\/wp\/v2\/product\/9217\/revisions"}],"predecessor-version":[{"id":9219,"href":"https:\/\/www.dm-boutique.fr\/index.php?rest_route=\/wp\/v2\/product\/9217\/revisions\/9219"}],"wp:featuredmedia":[{"embeddable":true,"href":"https:\/\/www.dm-boutique.fr\/index.php?rest_route=\/wp\/v2\/media\/9218"}],"wp:attachment":[{"href":"https:\/\/www.dm-boutique.fr\/index.php?rest_route=%2Fwp%2Fv2%2Fmedia&parent=9217"}],"wp:term":[{"taxonomy":"product_brand","embeddable":true,"href":"https:\/\/www.dm-boutique.fr\/index.php?rest_route=%2Fwp%2Fv2%2Fproduct_brand&post=9217"},{"taxonomy":"product_cat","embeddable":true,"href":"https:\/\/www.dm-boutique.fr\/index.php?rest_route=%2Fwp%2Fv2%2Fproduct_cat&post=9217"},{"taxonomy":"product_tag","embeddable":true,"href":"https:\/\/www.dm-boutique.fr\/index.php?rest_route=%2Fwp%2Fv2%2Fproduct_tag&post=9217"}],"curies":[{"name":"wp","href":"https:\/\/api.w.org\/{rel}","templated":true}]}}