{"id":9220,"date":"2026-02-05T13:51:37","date_gmt":"2026-02-05T12:51:37","guid":{"rendered":"https:\/\/www.dm-boutique.fr\/?post_type=product&#038;p=9220"},"modified":"2026-03-06T13:36:47","modified_gmt":"2026-03-06T12:36:47","slug":"gants-thermo-performer-10c-20c-noir","status":"publish","type":"product","link":"https:\/\/www.dm-boutique.fr\/?product=gants-thermo-performer-10c-20c-noir","title":{"rendered":"Gants THERMO PERFORMER -10\u00b0C > -20\u00b0C noir"},"content":{"rendered":"<div id=\"description\" class=\"product-description\">\n<div class=\"title\">DESCRIPTION DU PRODUIT<\/div>\n<div class=\"content std\">\n<p>La gamme THERMO PERFORMER, d\u00e9velopp\u00e9e par A10 EQUIPMENT\u00ae, est une collection compl\u00e8te de sous-v\u00eatements et \u00e9quipements techniques. Thermo-r\u00e9gulants, respirants et confortables, les produits THERMO PERFORMER se d\u00e9clinent sous diff\u00e9rents niveaux de protection thermique pour maintenir votre corps au sec et \u00e0 une temp\u00e9rature de confort, quelque soit les conditions climatiques.<\/p>\n<p>Les gants THERMO PERFORMER assurent une excellente protection thermique. Ce sont des indispensables de l&rsquo;hiver.<\/p>\n<\/div>\n<\/div>\n<div id=\"fiche-technique\" class=\"product-description\">\n<div class=\"title\">FICHE TECHNIQUE<\/div>\n<div class=\"content std\">ISOLATION THERMIQUE :<br \/>\n&#8211; indice d&rsquo;isolation thermique HEAT PROTECT tr\u00e8s \u00e9lev\u00e9<br \/>\n&gt; indice confort : -10\u00b0C (temp\u00e9rature \u00e0 laquelle le produit procure une chaleur id\u00e9ale)<br \/>\n&gt; indice extr\u00eame : -20\u00b0C (temp\u00e9rature minimale \u00e0 laquelle le produit reste efficace)<br \/>\n&#8211; thermo-r\u00e9gulant<br \/>\n&#8211; \u00e9vacuation rapide de la transpirationERGONOMIE :<br \/>\n&#8211; tissu stretch X-MOVE 360\u00b0<br \/>\n&#8211; touch screen au pouce et \u00e0 l&rsquo;index<br \/>\n&#8211; poignet \u00e9lastiqu\u00e9COMPOSITION :<br \/>\n&#8211; 95% polyester 5% spandex ; 320g\/m\u00b2<br \/>\n&#8211; tissu certifi\u00e9 Oeko-Tex Standard 100<\/p>\n<p>COLORIS : noir<\/p>\n<p>TAILLES : du S au 2XL<\/p>\n<p>CONSEILS D&rsquo;ENTRETIEN : lavage \u00e0 30\u00b0<\/p>\n<\/div>\n<\/div>\n","protected":false},"excerpt":{"rendered":"<p>DESCRIPTION DU PRODUIT La gamme THERMO PERFORMER, d\u00e9velopp\u00e9e par A10 EQUIPMENT\u00ae, est une collection compl\u00e8te de sous-v\u00eatements et \u00e9quipements techniques. Thermo-r\u00e9gulants, respirants et confortables, les produits THERMO PERFORMER se d\u00e9clinent sous diff\u00e9rents niveaux de protection thermique pour maintenir votre corps au sec et \u00e0 une temp\u00e9rature de confort, quelque soit les conditions climatiques. Les gants [&hellip;]<\/p>\n","protected":false},"featured_media":9221,"template":"","meta":[],"product_brand":[],"product_cat":[204],"product_tag":[],"class_list":{"0":"post-9220","1":"product","2":"type-product","3":"status-publish","4":"has-post-thumbnail","6":"product_cat-accessoires","8":"first","9":"instock","10":"taxable","11":"shipping-taxable","12":"purchasable","13":"product-type-simple"},"_links":{"self":[{"href":"https:\/\/www.dm-boutique.fr\/index.php?rest_route=\/wp\/v2\/product\/9220","targetHints":{"allow":["GET"]}}],"collection":[{"href":"https:\/\/www.dm-boutique.fr\/index.php?rest_route=\/wp\/v2\/product"}],"about":[{"href":"https:\/\/www.dm-boutique.fr\/index.php?rest_route=\/wp\/v2\/types\/product"}],"version-history":[{"count":3,"href":"https:\/\/www.dm-boutique.fr\/index.php?rest_route=\/wp\/v2\/product\/9220\/revisions"}],"predecessor-version":[{"id":9382,"href":"https:\/\/www.dm-boutique.fr\/index.php?rest_route=\/wp\/v2\/product\/9220\/revisions\/9382"}],"wp:featuredmedia":[{"embeddable":true,"href":"https:\/\/www.dm-boutique.fr\/index.php?rest_route=\/wp\/v2\/media\/9221"}],"wp:attachment":[{"href":"https:\/\/www.dm-boutique.fr\/index.php?rest_route=%2Fwp%2Fv2%2Fmedia&parent=9220"}],"wp:term":[{"taxonomy":"product_brand","embeddable":true,"href":"https:\/\/www.dm-boutique.fr\/index.php?rest_route=%2Fwp%2Fv2%2Fproduct_brand&post=9220"},{"taxonomy":"product_cat","embeddable":true,"href":"https:\/\/www.dm-boutique.fr\/index.php?rest_route=%2Fwp%2Fv2%2Fproduct_cat&post=9220"},{"taxonomy":"product_tag","embeddable":true,"href":"https:\/\/www.dm-boutique.fr\/index.php?rest_route=%2Fwp%2Fv2%2Fproduct_tag&post=9220"}],"curies":[{"name":"wp","href":"https:\/\/api.w.org\/{rel}","templated":true}]}}