{"id":9226,"date":"2026-02-05T14:05:58","date_gmt":"2026-02-05T13:05:58","guid":{"rendered":"https:\/\/www.dm-boutique.fr\/?post_type=product&#038;p=9226"},"modified":"2026-02-06T10:19:16","modified_gmt":"2026-02-06T09:19:16","slug":"lampe-tactique-rechargeable-xt21x-pro-4400-lumens","status":"publish","type":"product","link":"https:\/\/www.dm-boutique.fr\/?product=lampe-tactique-rechargeable-xt21x-pro-4400-lumens","title":{"rendered":"Lampe tactique rechargeable XT21X PRO &#8211; 4400 lumens"},"content":{"rendered":"<div class=\"title\">FICHE TECHNIQUE<\/div>\n<div class=\"content std\">\n<p>Fabriqu\u00e9e en alliage d&rsquo;aluminium de qualit\u00e9 a\u00e9ronautique<\/p>\n<p>Distance d&rsquo;\u00e9clairage maximale : 336 m<\/p>\n<p>Cinq intensit\u00e9s lumineuses (5, 100, 400, 1500 et 4400 lm)<br \/>\nMode clignotant (4400 lm) et mode S.O.S (100 lm)<\/p>\n<p>Autonomie minimale : 2,5 heures<br \/>\nAutonomie maximale : 200 heures<\/p>\n<p>R\u00e9sistance aux chutes : 1 m de hauteur<br \/>\n\u00c9tanch\u00e9it\u00e9 : norme IPX-8 (\u00e9tanche \u00e0 l&rsquo;immersion \u00e0 2 m\u00e8tres de profondeur pendant 30 minutes)<\/p>\n<p>Livr\u00e9e avec une batterie Lithium-Ion 21700 3.6V 5000 mAh, un r\u00e9ducteur pour batterie Lithium-Ion 18650, un cordon de rechargement USB type C vers USB type-C, un embout prise USB, un embout prise I-Phone, un clip ceinture, une dragonne, un joint d&rsquo;\u00e9tanch\u00e9it\u00e9 de rechange et un \u00e9tui en nylon avec protection anti-allumage accidentel et attache-mousqueton<\/p>\n<p>Dimensions : diam\u00e8tre de la t\u00eate 4,1 cm x diam\u00e8tre du corps 2,9 cm x longueur de la lampe 16,3 cm<br \/>\nPoids net : 180 g (sans batterie)<br \/>\nPoids brut : 230 g (avec batterie)<\/p>\n<p>Coloris : noir<\/p>\n<\/div>\n","protected":false},"excerpt":{"rendered":"<p>FICHE TECHNIQUE Fabriqu\u00e9e en alliage d&rsquo;aluminium de qualit\u00e9 a\u00e9ronautique Distance d&rsquo;\u00e9clairage maximale : 336 m Cinq intensit\u00e9s lumineuses (5, 100, 400, 1500 et 4400 lm) Mode clignotant (4400 lm) et mode S.O.S (100 lm) Autonomie minimale : 2,5 heures Autonomie maximale : 200 heures R\u00e9sistance aux chutes : 1 m de hauteur \u00c9tanch\u00e9it\u00e9 : norme [&hellip;]<\/p>\n","protected":false},"featured_media":9244,"template":"","meta":[],"product_brand":[],"product_cat":[204],"product_tag":[],"class_list":{"0":"post-9226","1":"product","2":"type-product","3":"status-publish","4":"has-post-thumbnail","6":"product_cat-accessoires","8":"first","9":"instock","10":"taxable","11":"shipping-taxable","12":"purchasable","13":"product-type-simple"},"_links":{"self":[{"href":"https:\/\/www.dm-boutique.fr\/index.php?rest_route=\/wp\/v2\/product\/9226","targetHints":{"allow":["GET"]}}],"collection":[{"href":"https:\/\/www.dm-boutique.fr\/index.php?rest_route=\/wp\/v2\/product"}],"about":[{"href":"https:\/\/www.dm-boutique.fr\/index.php?rest_route=\/wp\/v2\/types\/product"}],"version-history":[{"count":2,"href":"https:\/\/www.dm-boutique.fr\/index.php?rest_route=\/wp\/v2\/product\/9226\/revisions"}],"predecessor-version":[{"id":9229,"href":"https:\/\/www.dm-boutique.fr\/index.php?rest_route=\/wp\/v2\/product\/9226\/revisions\/9229"}],"wp:featuredmedia":[{"embeddable":true,"href":"https:\/\/www.dm-boutique.fr\/index.php?rest_route=\/wp\/v2\/media\/9244"}],"wp:attachment":[{"href":"https:\/\/www.dm-boutique.fr\/index.php?rest_route=%2Fwp%2Fv2%2Fmedia&parent=9226"}],"wp:term":[{"taxonomy":"product_brand","embeddable":true,"href":"https:\/\/www.dm-boutique.fr\/index.php?rest_route=%2Fwp%2Fv2%2Fproduct_brand&post=9226"},{"taxonomy":"product_cat","embeddable":true,"href":"https:\/\/www.dm-boutique.fr\/index.php?rest_route=%2Fwp%2Fv2%2Fproduct_cat&post=9226"},{"taxonomy":"product_tag","embeddable":true,"href":"https:\/\/www.dm-boutique.fr\/index.php?rest_route=%2Fwp%2Fv2%2Fproduct_tag&post=9226"}],"curies":[{"name":"wp","href":"https:\/\/api.w.org\/{rel}","templated":true}]}}