{"id":9230,"date":"2026-02-06T10:08:22","date_gmt":"2026-02-06T09:08:22","guid":{"rendered":"https:\/\/www.dm-boutique.fr\/?post_type=product&#038;p=9230"},"modified":"2026-02-06T10:17:05","modified_gmt":"2026-02-06T09:17:05","slug":"lampe-tactique-rechargeable-xt21x-pro-4400-lumens-2","status":"publish","type":"product","link":"https:\/\/www.dm-boutique.fr\/?product=lampe-tactique-rechargeable-xt21x-pro-4400-lumens-2","title":{"rendered":"Lampe tactique rechargeable XT11R &#8211; 1300 lumens"},"content":{"rendered":"<div class=\"title\">\n<div class=\"title\">FICHE TECHNIQUE<\/div>\n<div class=\"content std\">Fabriqu\u00e9e en alliage d&rsquo;aluminium de qualit\u00e9 a\u00e9ronautique<\/p>\n<p>Distance d&rsquo;\u00e9clairage maximale : 300 m<\/p>\n<p>Cinq intensit\u00e9s lumineuses (10, 200, 250, 700 et 1300 lm)<br \/>\nMode clignotant (1300 lm), mode balise de d\u00e9tresse (200 lm) et mode S.O.S (200 lm)<\/p>\n<p>Autonomie minimale : 2,5 heures<br \/>\nAutonomie maximale : 72 heures<\/p>\n<p>R\u00e9sistance aux chutes : 1 m de hauteur<br \/>\n\u00c9tanch\u00e9it\u00e9 : norme IPX-8 (\u00e9tanche \u00e0 l&rsquo;immersion \u00e0 2 m\u00e8tres de profondeur pendant 30 minutes)<\/p>\n<p>Livr\u00e9e avec une batterie Lithium-Ion 18650 3.7V 2600 mAh, un cordon de rechargement USB vers USB type-C, un clip ceinture, une dragonne et un joint d&rsquo;\u00e9tanch\u00e9it\u00e9 de rechange<\/p>\n<p>Dimensions : diam\u00e8tre de la t\u00eate 3,4 cm x diam\u00e8tre du corps 2,5 cm x longueur de la lampe 14,7 cm<br \/>\nPoids net : 120 (sans batterie)<br \/>\nPoids brut : 165 g (avec batterie)<\/p>\n<p>Coloris : noir<\/p>\n<p>Garantie : 5 ans<\/p><\/div>\n<\/div>\n","protected":false},"excerpt":{"rendered":"<p>FICHE TECHNIQUE Fabriqu\u00e9e en alliage d&rsquo;aluminium de qualit\u00e9 a\u00e9ronautique Distance d&rsquo;\u00e9clairage maximale : 300 m Cinq intensit\u00e9s lumineuses (10, 200, 250, 700 et 1300 lm) Mode clignotant (1300 lm), mode balise de d\u00e9tresse (200 lm) et mode S.O.S (200 lm) Autonomie minimale : 2,5 heures Autonomie maximale : 72 heures R\u00e9sistance aux chutes : 1 [&hellip;]<\/p>\n","protected":false},"featured_media":9231,"template":"","meta":[],"product_brand":[],"product_cat":[204],"product_tag":[],"class_list":{"0":"post-9230","1":"product","2":"type-product","3":"status-publish","4":"has-post-thumbnail","6":"product_cat-accessoires","8":"first","9":"instock","10":"taxable","11":"shipping-taxable","12":"purchasable","13":"product-type-simple"},"_links":{"self":[{"href":"https:\/\/www.dm-boutique.fr\/index.php?rest_route=\/wp\/v2\/product\/9230","targetHints":{"allow":["GET"]}}],"collection":[{"href":"https:\/\/www.dm-boutique.fr\/index.php?rest_route=\/wp\/v2\/product"}],"about":[{"href":"https:\/\/www.dm-boutique.fr\/index.php?rest_route=\/wp\/v2\/types\/product"}],"version-history":[{"count":2,"href":"https:\/\/www.dm-boutique.fr\/index.php?rest_route=\/wp\/v2\/product\/9230\/revisions"}],"predecessor-version":[{"id":9243,"href":"https:\/\/www.dm-boutique.fr\/index.php?rest_route=\/wp\/v2\/product\/9230\/revisions\/9243"}],"wp:featuredmedia":[{"embeddable":true,"href":"https:\/\/www.dm-boutique.fr\/index.php?rest_route=\/wp\/v2\/media\/9231"}],"wp:attachment":[{"href":"https:\/\/www.dm-boutique.fr\/index.php?rest_route=%2Fwp%2Fv2%2Fmedia&parent=9230"}],"wp:term":[{"taxonomy":"product_brand","embeddable":true,"href":"https:\/\/www.dm-boutique.fr\/index.php?rest_route=%2Fwp%2Fv2%2Fproduct_brand&post=9230"},{"taxonomy":"product_cat","embeddable":true,"href":"https:\/\/www.dm-boutique.fr\/index.php?rest_route=%2Fwp%2Fv2%2Fproduct_cat&post=9230"},{"taxonomy":"product_tag","embeddable":true,"href":"https:\/\/www.dm-boutique.fr\/index.php?rest_route=%2Fwp%2Fv2%2Fproduct_tag&post=9230"}],"curies":[{"name":"wp","href":"https:\/\/api.w.org\/{rel}","templated":true}]}}