{"id":9237,"date":"2026-02-06T10:11:29","date_gmt":"2026-02-06T09:11:29","guid":{"rendered":"https:\/\/www.dm-boutique.fr\/?post_type=product&#038;p=9237"},"modified":"2026-02-06T10:11:29","modified_gmt":"2026-02-06T09:11:29","slug":"lampe-frontale-rechargeable-hm5-800-lumens","status":"publish","type":"product","link":"https:\/\/www.dm-boutique.fr\/?product=lampe-frontale-rechargeable-hm5-800-lumens","title":{"rendered":"Lampe frontale rechargeable HM5 &#8211; 800 lumens"},"content":{"rendered":"<div class=\"title\">FICHE TECHNIQUE<\/div>\n<div class=\"content std\">Fabriqu\u00e9e en polym\u00e8re<\/p>\n<p>Distance d&rsquo;\u00e9clairage maximale : 103 m<\/p>\n<p>Neuf intensit\u00e9s lumineuses (5, 30, 40, 150, 200, 400, 550 et 800 lm en \u00e9clairage blanc et 5 lm en \u00e9clairage rouge)<br \/>\nMode S.O.S (150 lm) et mode balise de d\u00e9tresse (100 lm) en \u00e9clairage blanc<\/p>\n<p>Autonomie minimale : 3,5 heures<br \/>\nAutonomie maximale : 105 heures<\/p>\n<p>R\u00e9sistance aux chutes : 1 m de hauteur<br \/>\n\u00c9tanch\u00e9it\u00e9 : norme IPX-6 (r\u00e9sistance aux projections des jets d&rsquo;eau puissants)<\/p>\n<p>Livr\u00e9e avec une batterie Lithium-Ion LB19 3.8V 1900 mAh, un cordon de rechargement USB vers micro-USB et un bandeau \u00e9lastique ajustable<\/p>\n<p>Dimensions : longueur 6,2 cm x hauteur 3 cm x profondeur 1,8 cm<br \/>\nPoids net : 45 g (sans batterie)<br \/>\nPoids brut : 105 g (avec batterie)<\/p>\n<p>Coloris : noir<\/p>\n<p>Garantie : 2 ans<\/p><\/div>\n","protected":false},"excerpt":{"rendered":"<p>FICHE TECHNIQUE Fabriqu\u00e9e en polym\u00e8re Distance d&rsquo;\u00e9clairage maximale : 103 m Neuf intensit\u00e9s lumineuses (5, 30, 40, 150, 200, 400, 550 et 800 lm en \u00e9clairage blanc et 5 lm en \u00e9clairage rouge) Mode S.O.S (150 lm) et mode balise de d\u00e9tresse (100 lm) en \u00e9clairage blanc Autonomie minimale : 3,5 heures Autonomie maximale : [&hellip;]<\/p>\n","protected":false},"featured_media":9238,"template":"","meta":[],"product_brand":[],"product_cat":[204],"product_tag":[],"class_list":{"0":"post-9237","1":"product","2":"type-product","3":"status-publish","4":"has-post-thumbnail","6":"product_cat-accessoires","8":"first","9":"instock","10":"taxable","11":"shipping-taxable","12":"purchasable","13":"product-type-simple"},"_links":{"self":[{"href":"https:\/\/www.dm-boutique.fr\/index.php?rest_route=\/wp\/v2\/product\/9237","targetHints":{"allow":["GET"]}}],"collection":[{"href":"https:\/\/www.dm-boutique.fr\/index.php?rest_route=\/wp\/v2\/product"}],"about":[{"href":"https:\/\/www.dm-boutique.fr\/index.php?rest_route=\/wp\/v2\/types\/product"}],"version-history":[{"count":1,"href":"https:\/\/www.dm-boutique.fr\/index.php?rest_route=\/wp\/v2\/product\/9237\/revisions"}],"predecessor-version":[{"id":9239,"href":"https:\/\/www.dm-boutique.fr\/index.php?rest_route=\/wp\/v2\/product\/9237\/revisions\/9239"}],"wp:featuredmedia":[{"embeddable":true,"href":"https:\/\/www.dm-boutique.fr\/index.php?rest_route=\/wp\/v2\/media\/9238"}],"wp:attachment":[{"href":"https:\/\/www.dm-boutique.fr\/index.php?rest_route=%2Fwp%2Fv2%2Fmedia&parent=9237"}],"wp:term":[{"taxonomy":"product_brand","embeddable":true,"href":"https:\/\/www.dm-boutique.fr\/index.php?rest_route=%2Fwp%2Fv2%2Fproduct_brand&post=9237"},{"taxonomy":"product_cat","embeddable":true,"href":"https:\/\/www.dm-boutique.fr\/index.php?rest_route=%2Fwp%2Fv2%2Fproduct_cat&post=9237"},{"taxonomy":"product_tag","embeddable":true,"href":"https:\/\/www.dm-boutique.fr\/index.php?rest_route=%2Fwp%2Fv2%2Fproduct_tag&post=9237"}],"curies":[{"name":"wp","href":"https:\/\/api.w.org\/{rel}","templated":true}]}}