{"id":9240,"date":"2026-02-06T10:13:29","date_gmt":"2026-02-06T09:13:29","guid":{"rendered":"https:\/\/www.dm-boutique.fr\/?post_type=product&#038;p=9240"},"modified":"2026-02-06T10:13:29","modified_gmt":"2026-02-06T09:13:29","slug":"lampe-rechargeable-a3-2200-lumens","status":"publish","type":"product","link":"https:\/\/www.dm-boutique.fr\/?product=lampe-rechargeable-a3-2200-lumens","title":{"rendered":"Lampe rechargeable A3 &#8211; 2200 lumens"},"content":{"rendered":"<div class=\"title\">FICHE TECHNIQUE<\/div>\n<div class=\"content std\">Fabriqu\u00e9e en alliage d&rsquo;aluminium de qualit\u00e9 a\u00e9ronautique<\/p>\n<p>Distance d&rsquo;\u00e9clairage maximale : 750 m<\/p>\n<p>Six intensit\u00e9s lumineuses (60, 150, 300, 800, 900 et 2200 lm)<br \/>\nMode S.O.S (2200 lm)<\/p>\n<p>Autonomie minimale : 3 heures<br \/>\nAutonomie maximale : 10 heures<\/p>\n<p>R\u00e9sistance aux chutes : 1 m de hauteur<br \/>\n\u00c9tanch\u00e9it\u00e9 : norme IPX-6 (r\u00e9sistance aux projections des jets d&rsquo;eau puissants)<\/p>\n<p>Livr\u00e9e avec une batterie Lithium-Ion 21700 3.6V 4000 mAh, un cordon de rechargement USB vers USB type-C, une dragonne et un joint d&rsquo;\u00e9tanch\u00e9it\u00e9 de rechange<\/p>\n<p>Dimensions : diam\u00e8tre de la t\u00eate 4,3 cm x diam\u00e8tre du corps 3 cm x longueur de la lampe 15,8 cm<br \/>\nPoids net : 180 g (sans batterie)<br \/>\nPoids brut : 250 g (avec batterie)<\/p>\n<p>Coloris : noir<\/p>\n<p>Garantie : 1 an<\/p><\/div>\n","protected":false},"excerpt":{"rendered":"<p>FICHE TECHNIQUE Fabriqu\u00e9e en alliage d&rsquo;aluminium de qualit\u00e9 a\u00e9ronautique Distance d&rsquo;\u00e9clairage maximale : 750 m Six intensit\u00e9s lumineuses (60, 150, 300, 800, 900 et 2200 lm) Mode S.O.S (2200 lm) Autonomie minimale : 3 heures Autonomie maximale : 10 heures R\u00e9sistance aux chutes : 1 m de hauteur \u00c9tanch\u00e9it\u00e9 : norme IPX-6 (r\u00e9sistance aux projections [&hellip;]<\/p>\n","protected":false},"featured_media":9241,"template":"","meta":[],"product_brand":[],"product_cat":[204],"product_tag":[],"class_list":{"0":"post-9240","1":"product","2":"type-product","3":"status-publish","4":"has-post-thumbnail","6":"product_cat-accessoires","8":"first","9":"instock","10":"taxable","11":"shipping-taxable","12":"purchasable","13":"product-type-simple"},"_links":{"self":[{"href":"https:\/\/www.dm-boutique.fr\/index.php?rest_route=\/wp\/v2\/product\/9240","targetHints":{"allow":["GET"]}}],"collection":[{"href":"https:\/\/www.dm-boutique.fr\/index.php?rest_route=\/wp\/v2\/product"}],"about":[{"href":"https:\/\/www.dm-boutique.fr\/index.php?rest_route=\/wp\/v2\/types\/product"}],"version-history":[{"count":1,"href":"https:\/\/www.dm-boutique.fr\/index.php?rest_route=\/wp\/v2\/product\/9240\/revisions"}],"predecessor-version":[{"id":9242,"href":"https:\/\/www.dm-boutique.fr\/index.php?rest_route=\/wp\/v2\/product\/9240\/revisions\/9242"}],"wp:featuredmedia":[{"embeddable":true,"href":"https:\/\/www.dm-boutique.fr\/index.php?rest_route=\/wp\/v2\/media\/9241"}],"wp:attachment":[{"href":"https:\/\/www.dm-boutique.fr\/index.php?rest_route=%2Fwp%2Fv2%2Fmedia&parent=9240"}],"wp:term":[{"taxonomy":"product_brand","embeddable":true,"href":"https:\/\/www.dm-boutique.fr\/index.php?rest_route=%2Fwp%2Fv2%2Fproduct_brand&post=9240"},{"taxonomy":"product_cat","embeddable":true,"href":"https:\/\/www.dm-boutique.fr\/index.php?rest_route=%2Fwp%2Fv2%2Fproduct_cat&post=9240"},{"taxonomy":"product_tag","embeddable":true,"href":"https:\/\/www.dm-boutique.fr\/index.php?rest_route=%2Fwp%2Fv2%2Fproduct_tag&post=9240"}],"curies":[{"name":"wp","href":"https:\/\/api.w.org\/{rel}","templated":true}]}}