{"id":9284,"date":"2026-03-06T12:12:22","date_gmt":"2026-03-06T11:12:22","guid":{"rendered":"https:\/\/www.dm-boutique.fr\/?post_type=product&#038;p=9284"},"modified":"2026-04-02T18:53:10","modified_gmt":"2026-04-02T16:53:10","slug":"pantalon-v2-secu-one-bas-elastique-noir","status":"publish","type":"product","link":"https:\/\/www.dm-boutique.fr\/?product=pantalon-v2-secu-one-bas-elastique-noir","title":{"rendered":"Pantalon V2 S\u00c9CU-ONE bas \u00e9lastiqu\u00e9 noir"},"content":{"rendered":"<div class=\"title\">FICHE TECHNIQUE<\/div>\n<div class=\"content std\">R\u00c9SISTANCE :<br \/>\n&#8211; tissu polycoton HR-PC &#8211; HIGH RESISTANT<br \/>\n&#8211; r\u00e9sistance aux frottements<br \/>\n&#8211; stabilit\u00e9 du tissu et des couleurs<br \/>\n&#8211; coutures principales double piq\u00fbresERGONOMIE :<br \/>\n&#8211; coupe ajust\u00e9e<br \/>\n&#8211; taille \u00e9lastiqu\u00e9e<br \/>\n&#8211; d\u00e9coupe genoux<br \/>\n&#8211; bas du pantalon \u00e9lastiqu\u00e9 avec bande silicone antid\u00e9rapante<\/p>\n<p>FONCTIONNALIT\u00c9 :<br \/>\n&#8211; 2 poches taille avec renfort<br \/>\n&#8211; 2 poches cargo semi-plaqu\u00e9es ferm\u00e9es par zip<br \/>\n&#8211; 2 poches cargo plaqu\u00e9es ferm\u00e9es par velcro<br \/>\n&#8211; poche arri\u00e8re zipp\u00e9e<br \/>\n&#8211; passants \u00e0 double boutons pression pour ceinture\/ceinturons (50 mm)<\/p>\n<p>COMPOSITION :<br \/>\n&#8211; 65% polyester 35% coton<br \/>\n&#8211; tissu certifi\u00e9 Oeko-Tex Standard 100<\/p>\n<p>COLORIS : noir<\/p>\n<p>TAILLES : du 34 au 60, entrejambe 80 cm<\/p>\n<p>CONSEILS D&rsquo;ENTRETIEN : lavage \u00e0 30\u00b0<\/p>\n<\/div>\n","protected":false},"excerpt":{"rendered":"<p>FICHE TECHNIQUE R\u00c9SISTANCE : &#8211; tissu polycoton HR-PC &#8211; HIGH RESISTANT &#8211; r\u00e9sistance aux frottements &#8211; stabilit\u00e9 du tissu et des couleurs &#8211; coutures principales double piq\u00fbresERGONOMIE : &#8211; coupe ajust\u00e9e &#8211; taille \u00e9lastiqu\u00e9e &#8211; d\u00e9coupe genoux &#8211; bas du pantalon \u00e9lastiqu\u00e9 avec bande silicone antid\u00e9rapante FONCTIONNALIT\u00c9 : &#8211; 2 poches taille avec renfort &#8211; [&hellip;]<\/p>\n","protected":false},"featured_media":9299,"template":"","meta":[],"product_brand":[],"product_cat":[194,151],"product_tag":[],"class_list":{"0":"post-9284","1":"product","2":"type-product","3":"status-publish","4":"has-post-thumbnail","6":"product_cat-bas-sp","7":"product_cat-securite-privee","9":"first","10":"instock","11":"taxable","12":"shipping-taxable","13":"purchasable","14":"product-type-variable"},"_links":{"self":[{"href":"https:\/\/www.dm-boutique.fr\/index.php?rest_route=\/wp\/v2\/product\/9284","targetHints":{"allow":["GET"]}}],"collection":[{"href":"https:\/\/www.dm-boutique.fr\/index.php?rest_route=\/wp\/v2\/product"}],"about":[{"href":"https:\/\/www.dm-boutique.fr\/index.php?rest_route=\/wp\/v2\/types\/product"}],"version-history":[{"count":2,"href":"https:\/\/www.dm-boutique.fr\/index.php?rest_route=\/wp\/v2\/product\/9284\/revisions"}],"predecessor-version":[{"id":9394,"href":"https:\/\/www.dm-boutique.fr\/index.php?rest_route=\/wp\/v2\/product\/9284\/revisions\/9394"}],"wp:featuredmedia":[{"embeddable":true,"href":"https:\/\/www.dm-boutique.fr\/index.php?rest_route=\/wp\/v2\/media\/9299"}],"wp:attachment":[{"href":"https:\/\/www.dm-boutique.fr\/index.php?rest_route=%2Fwp%2Fv2%2Fmedia&parent=9284"}],"wp:term":[{"taxonomy":"product_brand","embeddable":true,"href":"https:\/\/www.dm-boutique.fr\/index.php?rest_route=%2Fwp%2Fv2%2Fproduct_brand&post=9284"},{"taxonomy":"product_cat","embeddable":true,"href":"https:\/\/www.dm-boutique.fr\/index.php?rest_route=%2Fwp%2Fv2%2Fproduct_cat&post=9284"},{"taxonomy":"product_tag","embeddable":true,"href":"https:\/\/www.dm-boutique.fr\/index.php?rest_route=%2Fwp%2Fv2%2Fproduct_tag&post=9284"}],"curies":[{"name":"wp","href":"https:\/\/api.w.org\/{rel}","templated":true}]}}