{"id":9304,"date":"2026-03-06T12:17:44","date_gmt":"2026-03-06T11:17:44","guid":{"rendered":"https:\/\/www.dm-boutique.fr\/?post_type=product&#038;p=9304"},"modified":"2026-03-06T13:40:53","modified_gmt":"2026-03-06T12:40:53","slug":"porte-radio-secu-one-noir","status":"publish","type":"product","link":"https:\/\/www.dm-boutique.fr\/?product=porte-radio-secu-one-noir","title":{"rendered":"Porte-radio S\u00c9CU-ONE noir"},"content":{"rendered":"<div class=\"title\">FICHE TECHNIQUE<\/div>\n<div class=\"content std\">\n<p>R\u00c9SISTANCE : tissu nylon CORDURA hautement r\u00e9sistant \u00e0 l&rsquo;abrasion<\/p>\n<p>FONCTIONNALIT\u00c9 :<br \/>\n&#8211; fermeture par bouton-pression<br \/>\n&#8211; fixation par syst\u00e8me anti-arrachement pour ceinture\/ceinturon (50 mm)<br \/>\n&#8211; compatible avec de nombreux mod\u00e8les de radios gr\u00e2ce \u00e0 ses bandes \u00e9lastiques lat\u00e9rales et \u00e0 ses deux \u00e9lastiques de maintien r\u00e9glables par velcro<\/p>\n<p>COMPOSITION : 100% nylon<\/p>\n<p>COLORIS : noir<\/p>\n<p>DIMENSIONS (maximales) : L. 5,5 x P. 5 x H. 18 cm<\/p>\n<p>Livr\u00e9 sans accessoires<\/p>\n<\/div>\n","protected":false},"excerpt":{"rendered":"<p>FICHE TECHNIQUE R\u00c9SISTANCE : tissu nylon CORDURA hautement r\u00e9sistant \u00e0 l&rsquo;abrasion FONCTIONNALIT\u00c9 : &#8211; fermeture par bouton-pression &#8211; fixation par syst\u00e8me anti-arrachement pour ceinture\/ceinturon (50 mm) &#8211; compatible avec de nombreux mod\u00e8les de radios gr\u00e2ce \u00e0 ses bandes \u00e9lastiques lat\u00e9rales et \u00e0 ses deux \u00e9lastiques de maintien r\u00e9glables par velcro COMPOSITION : 100% nylon COLORIS [&hellip;]<\/p>\n","protected":false},"featured_media":9305,"template":"","meta":[],"product_brand":[],"product_cat":[204],"product_tag":[],"class_list":{"0":"post-9304","1":"product","2":"type-product","3":"status-publish","4":"has-post-thumbnail","6":"product_cat-accessoires","8":"first","9":"instock","10":"taxable","11":"shipping-taxable","12":"purchasable","13":"product-type-simple"},"_links":{"self":[{"href":"https:\/\/www.dm-boutique.fr\/index.php?rest_route=\/wp\/v2\/product\/9304","targetHints":{"allow":["GET"]}}],"collection":[{"href":"https:\/\/www.dm-boutique.fr\/index.php?rest_route=\/wp\/v2\/product"}],"about":[{"href":"https:\/\/www.dm-boutique.fr\/index.php?rest_route=\/wp\/v2\/types\/product"}],"version-history":[{"count":2,"href":"https:\/\/www.dm-boutique.fr\/index.php?rest_route=\/wp\/v2\/product\/9304\/revisions"}],"predecessor-version":[{"id":9392,"href":"https:\/\/www.dm-boutique.fr\/index.php?rest_route=\/wp\/v2\/product\/9304\/revisions\/9392"}],"wp:featuredmedia":[{"embeddable":true,"href":"https:\/\/www.dm-boutique.fr\/index.php?rest_route=\/wp\/v2\/media\/9305"}],"wp:attachment":[{"href":"https:\/\/www.dm-boutique.fr\/index.php?rest_route=%2Fwp%2Fv2%2Fmedia&parent=9304"}],"wp:term":[{"taxonomy":"product_brand","embeddable":true,"href":"https:\/\/www.dm-boutique.fr\/index.php?rest_route=%2Fwp%2Fv2%2Fproduct_brand&post=9304"},{"taxonomy":"product_cat","embeddable":true,"href":"https:\/\/www.dm-boutique.fr\/index.php?rest_route=%2Fwp%2Fv2%2Fproduct_cat&post=9304"},{"taxonomy":"product_tag","embeddable":true,"href":"https:\/\/www.dm-boutique.fr\/index.php?rest_route=%2Fwp%2Fv2%2Fproduct_tag&post=9304"}],"curies":[{"name":"wp","href":"https:\/\/api.w.org\/{rel}","templated":true}]}}