{"id":9320,"date":"2026-03-06T12:34:35","date_gmt":"2026-03-06T11:34:35","guid":{"rendered":"https:\/\/www.dm-boutique.fr\/?post_type=product&#038;p=9320"},"modified":"2026-03-06T12:34:35","modified_gmt":"2026-03-06T11:34:35","slug":"aerosol-de-defense-secu-one-gel-poivre-25-ml","status":"publish","type":"product","link":"https:\/\/www.dm-boutique.fr\/?product=aerosol-de-defense-secu-one-gel-poivre-25-ml","title":{"rendered":"A\u00e9rosol de d\u00e9fense S\u00c9CU-ONE gel poivre 25 ml"},"content":{"rendered":"<div class=\"title\">FICHE TECHNIQUE<\/div>\n<div class=\"content std\">TECHNICIT\u00c9 :<br \/>\n&#8211; type de propulsion : gel<br \/>\n&#8211; principe actif : OC poivre<br \/>\n&#8211; distance d&rsquo;utilisation : 1 m\u00e8tre<br \/>\n&#8211; dur\u00e9e d&rsquo;efficacit\u00e9 : de 15 \u00e0 30 minutes selon la personne et la dose re\u00e7ue<br \/>\n&#8211; action imm\u00e9diate et efficace<br \/>\n&#8211; jet tr\u00e8s pr\u00e9cis longue port\u00e9e qui devient liquide au contact du visage de l&rsquo;agresseur<br \/>\n&#8211; propulseur limitant l&rsquo;impact du vent<br \/>\n&#8211; permet de cibler l&rsquo;agresseur sans toucher les personnes autour<br \/>\n&#8211; agit \u00e9galement sur les personnes sous l&#8217;emprise de l&rsquo;alcool et\/ou de stup\u00e9fiants et sur les animaux dangereux<br \/>\n&#8211; adapt\u00e9 pour un usage en int\u00e9rieur et en ext\u00e9rieur<\/p>\n<p>ERGONOMIE :<br \/>\n&#8211; buse prot\u00e9g\u00e9e par un clapet de s\u00e9curit\u00e9 \u00e9vitant un d\u00e9clenchement intempestif<br \/>\n&#8211; clip ceinture<\/p>\n<p>MODE D&rsquo;EMPLOI :<br \/>\n&#8211; il n&rsquo;est pas n\u00e9cessaire de secouer l&rsquo;a\u00e9rosol avant l&#8217;emploi<br \/>\n&#8211; prendre une distance minimale de 1 \u00e0 2 m\u00e8tres<br \/>\n&#8211; appuyer fortement sur le bouton poussoir en direction de l&rsquo;agresseur (visage), bras tendu devant vous, a\u00e9rosol \u00e0 la verticale<br \/>\n&#8211; continuer d&rsquo;asperger le visage de l&rsquo;agresseur pour \u00eatre certain d&rsquo;atteindre les yeux jusqu&rsquo;\u00e0 ce que celui-ci baisse la t\u00eate et ne puisse plus regarder dans votre direction<br \/>\n&#8211; se retirer de la zone de gazage<\/p>\n<p>DANGER :<br \/>\n&#8211; agit sur les terminaisons nerveuses<br \/>\n&#8211; augmente la s\u00e9cr\u00e9tion lacrymale<br \/>\n&#8211; d\u00e9clenche des r\u00e9actions inflammatoires des muqueuses<br \/>\n&#8211; rougit les yeux<br \/>\n&#8211; gonfle les paupi\u00e8res<br \/>\n&#8211; sensation de br\u00fblures cutan\u00e9es tr\u00e8s douloureuses<br \/>\n&#8211; entra\u00eene une d\u00e9sorientation, la fuite ou l&rsquo;incapacit\u00e9 d&rsquo;agir de votre ou de vos agresseurs<br \/>\n&#8211; sans risque pour l&rsquo;utilisateur<br \/>\n&#8211; stocker \u00e0 la verticale<br \/>\n&#8211; tenir \u00e0 l&rsquo;\u00e9cart de la chaleur<\/p>\n<p>Apr\u00e8s la premi\u00e8re utilisation, nous vous conseillons de remplacer votre a\u00e9rosol car vous ne serez plus en mesure de d\u00e9terminer la quantit\u00e9 de principe actif restante.<\/p>\n<p>Fiche de donn\u00e9es de s\u00e9curit\u00e9 disponible sur demande<\/p>\n<p>CONTENANCE : 25 ml<\/p>\n<p>DIMENSIONS : \u00d8 2,5 x H. 11,5 cm<\/p>\n<p>POIDS : 40 g<\/p>\n<p>DLU : 24 mois<\/p>\n<p>D\u00c9CLINAISONS : \u00e9galement disponible en 50 ml, 75 ml, 100 ml et 100 ml avec poign\u00e9e<\/p><\/div>\n","protected":false},"excerpt":{"rendered":"<p>FICHE TECHNIQUE TECHNICIT\u00c9 : &#8211; type de propulsion : gel &#8211; principe actif : OC poivre &#8211; distance d&rsquo;utilisation : 1 m\u00e8tre &#8211; dur\u00e9e d&rsquo;efficacit\u00e9 : de 15 \u00e0 30 minutes selon la personne et la dose re\u00e7ue &#8211; action imm\u00e9diate et efficace &#8211; jet tr\u00e8s pr\u00e9cis longue port\u00e9e qui devient liquide au contact du [&hellip;]<\/p>\n","protected":false},"featured_media":9321,"template":"","meta":[],"product_brand":[],"product_cat":[204],"product_tag":[],"class_list":{"0":"post-9320","1":"product","2":"type-product","3":"status-publish","4":"has-post-thumbnail","6":"product_cat-accessoires","8":"first","9":"instock","10":"taxable","11":"shipping-taxable","12":"purchasable","13":"product-type-simple"},"_links":{"self":[{"href":"https:\/\/www.dm-boutique.fr\/index.php?rest_route=\/wp\/v2\/product\/9320","targetHints":{"allow":["GET"]}}],"collection":[{"href":"https:\/\/www.dm-boutique.fr\/index.php?rest_route=\/wp\/v2\/product"}],"about":[{"href":"https:\/\/www.dm-boutique.fr\/index.php?rest_route=\/wp\/v2\/types\/product"}],"version-history":[{"count":1,"href":"https:\/\/www.dm-boutique.fr\/index.php?rest_route=\/wp\/v2\/product\/9320\/revisions"}],"predecessor-version":[{"id":9322,"href":"https:\/\/www.dm-boutique.fr\/index.php?rest_route=\/wp\/v2\/product\/9320\/revisions\/9322"}],"wp:featuredmedia":[{"embeddable":true,"href":"https:\/\/www.dm-boutique.fr\/index.php?rest_route=\/wp\/v2\/media\/9321"}],"wp:attachment":[{"href":"https:\/\/www.dm-boutique.fr\/index.php?rest_route=%2Fwp%2Fv2%2Fmedia&parent=9320"}],"wp:term":[{"taxonomy":"product_brand","embeddable":true,"href":"https:\/\/www.dm-boutique.fr\/index.php?rest_route=%2Fwp%2Fv2%2Fproduct_brand&post=9320"},{"taxonomy":"product_cat","embeddable":true,"href":"https:\/\/www.dm-boutique.fr\/index.php?rest_route=%2Fwp%2Fv2%2Fproduct_cat&post=9320"},{"taxonomy":"product_tag","embeddable":true,"href":"https:\/\/www.dm-boutique.fr\/index.php?rest_route=%2Fwp%2Fv2%2Fproduct_tag&post=9320"}],"curies":[{"name":"wp","href":"https:\/\/api.w.org\/{rel}","templated":true}]}}