{"id":9350,"date":"2026-03-06T13:19:34","date_gmt":"2026-03-06T12:19:34","guid":{"rendered":"https:\/\/www.dm-boutique.fr\/?post_type=product&#038;p=9350"},"modified":"2026-03-06T13:37:19","modified_gmt":"2026-03-06T12:37:19","slug":"porte-aerosol-100-ml-avec-poignee-secu-one-noir","status":"publish","type":"product","link":"https:\/\/www.dm-boutique.fr\/?product=porte-aerosol-100-ml-avec-poignee-secu-one-noir","title":{"rendered":"Porte-a\u00e9rosol 100 ml avec poign\u00e9e S\u00c9CU-ONE noir"},"content":{"rendered":"<div class=\"title\">FICHE TECHNIQUE<\/div>\n<div class=\"content std\">\n<p>R\u00c9SISTANCE : tissu nylon CORDURA hautement r\u00e9sistant \u00e0 l&rsquo;abrasion<\/p>\n<p>FONCTIONNALIT\u00c9 :<br \/>\n&#8211; fermeture par bouton-pression<br \/>\n&#8211; fixation par syst\u00e8me anti-arrachement pour ceinture\/ceinturon (50 mm)<\/p>\n<p>COMPOSITION : 100% nylon<\/p>\n<p>COLORIS : noir<\/p>\n<p>DIMENSIONS : L. 5 x P. 4,5 x H. 18 cm<\/p>\n<p>D\u00c9CLINAISONS : \u00e9galement disponible en 25 ml, 50 ml, 75 ml et 100 ml<\/p>\n<p>Livr\u00e9 sans accessoires<\/p>\n<\/div>\n","protected":false},"excerpt":{"rendered":"<p>FICHE TECHNIQUE R\u00c9SISTANCE : tissu nylon CORDURA hautement r\u00e9sistant \u00e0 l&rsquo;abrasion FONCTIONNALIT\u00c9 : &#8211; fermeture par bouton-pression &#8211; fixation par syst\u00e8me anti-arrachement pour ceinture\/ceinturon (50 mm) COMPOSITION : 100% nylon COLORIS : noir DIMENSIONS : L. 5 x P. 4,5 x H. 18 cm D\u00c9CLINAISONS : \u00e9galement disponible en 25 ml, 50 ml, 75 ml [&hellip;]<\/p>\n","protected":false},"featured_media":9351,"template":"","meta":[],"product_brand":[],"product_cat":[15],"product_tag":[],"class_list":{"0":"post-9350","1":"product","2":"type-product","3":"status-publish","4":"has-post-thumbnail","6":"product_cat-non-classe","8":"first","9":"instock","10":"taxable","11":"shipping-taxable","12":"purchasable","13":"product-type-simple"},"_links":{"self":[{"href":"https:\/\/www.dm-boutique.fr\/index.php?rest_route=\/wp\/v2\/product\/9350","targetHints":{"allow":["GET"]}}],"collection":[{"href":"https:\/\/www.dm-boutique.fr\/index.php?rest_route=\/wp\/v2\/product"}],"about":[{"href":"https:\/\/www.dm-boutique.fr\/index.php?rest_route=\/wp\/v2\/types\/product"}],"version-history":[{"count":2,"href":"https:\/\/www.dm-boutique.fr\/index.php?rest_route=\/wp\/v2\/product\/9350\/revisions"}],"predecessor-version":[{"id":9383,"href":"https:\/\/www.dm-boutique.fr\/index.php?rest_route=\/wp\/v2\/product\/9350\/revisions\/9383"}],"wp:featuredmedia":[{"embeddable":true,"href":"https:\/\/www.dm-boutique.fr\/index.php?rest_route=\/wp\/v2\/media\/9351"}],"wp:attachment":[{"href":"https:\/\/www.dm-boutique.fr\/index.php?rest_route=%2Fwp%2Fv2%2Fmedia&parent=9350"}],"wp:term":[{"taxonomy":"product_brand","embeddable":true,"href":"https:\/\/www.dm-boutique.fr\/index.php?rest_route=%2Fwp%2Fv2%2Fproduct_brand&post=9350"},{"taxonomy":"product_cat","embeddable":true,"href":"https:\/\/www.dm-boutique.fr\/index.php?rest_route=%2Fwp%2Fv2%2Fproduct_cat&post=9350"},{"taxonomy":"product_tag","embeddable":true,"href":"https:\/\/www.dm-boutique.fr\/index.php?rest_route=%2Fwp%2Fv2%2Fproduct_tag&post=9350"}],"curies":[{"name":"wp","href":"https:\/\/api.w.org\/{rel}","templated":true}]}}