{"id":9354,"date":"2026-03-06T13:24:58","date_gmt":"2026-03-06T12:24:58","guid":{"rendered":"https:\/\/www.dm-boutique.fr\/?post_type=product&#038;p=9354"},"modified":"2026-03-06T13:24:58","modified_gmt":"2026-03-06T12:24:58","slug":"sac-de-transport-a-roulettes-transall-120-l-noir","status":"publish","type":"product","link":"https:\/\/www.dm-boutique.fr\/?product=sac-de-transport-a-roulettes-transall-120-l-noir","title":{"rendered":"Sac de transport \u00e0 roulettes TRANSALL 120 L noir"},"content":{"rendered":"<div class=\"title\">FICHE TECHNIQUE<\/div>\n<div class=\"content std\">R\u00c9SISTANCE :<br \/>\n&#8211; tissu polyester oxford HRF 600D hautement r\u00e9sistant \u00e0 la traction et \u00e0 l&rsquo;abrasion<br \/>\n&#8211; traitement d\u00e9perlant DWR-TECH<br \/>\n&#8211; zips YKK\u00ae<br \/>\n&#8211; fond du sac rigide et enti\u00e8rement doubl\u00e9<\/p>\n<p>ERGONOMIE :<br \/>\n&#8211; 2 larges roues thermoplastiques POM<br \/>\n&#8211; poign\u00e9e de transport t\u00e9lescopique r\u00e9tractable sur 2 hauteurs<br \/>\n&#8211; 3 poign\u00e9es de transport lat\u00e9rales<br \/>\n&#8211; 4 sangles de compression r\u00e9glables en polypropyl\u00e8ne (PP) avec boucles UTX Duraflex\u00ae pour un contr\u00f4le du volume et de l\u2019encombrement<\/p>\n<p>FONCTIONNALIT\u00c9 :<br \/>\n&#8211; contenance : 120 litres<br \/>\n&#8211; double compartiment interne avec fermeture par zip et curseur sp\u00e9cial cadenas ; chaque compartiment est ferm\u00e9 par un zip<br \/>\n&#8211; un compartiment est \u00e9quip\u00e9 de sangles \u00e9lastiques \u00ab\u00a0papillon\u00a0\u00bb<br \/>\n&#8211; 2 grandes poches frontales zipp\u00e9es<br \/>\n&#8211; velcro ext\u00e9rieur \u00e0 personnaliser<br \/>\n&#8211; \u00e9tiquette bagage incluse \u00e0 compl\u00e9ter au dos avec les informations personnelles<\/p>\n<p>COMPOSITION :<br \/>\n&#8211; 100% polyester<br \/>\n&#8211; tissu certifi\u00e9 Oeko-Tex Standard 100<\/p>\n<p>DIMENSIONS : L. 80 x P. 45 x H. 33 cm<\/p>\n<p>POIDS : 4,2 kg<\/p>\n<p>COLORIS : noir<\/p>\n<p>GARANTIE : 1 an<\/p>\n<p>CONSEILS D\u2019ENTRETIEN : brosser et nettoyer le tissu avec un chiffon et du savon ; s\u00e9cher loin d\u2019une source de chaleur ; ne pas laver en machine<\/p><\/div>\n","protected":false},"excerpt":{"rendered":"<p>FICHE TECHNIQUE R\u00c9SISTANCE : &#8211; tissu polyester oxford HRF 600D hautement r\u00e9sistant \u00e0 la traction et \u00e0 l&rsquo;abrasion &#8211; traitement d\u00e9perlant DWR-TECH &#8211; zips YKK\u00ae &#8211; fond du sac rigide et enti\u00e8rement doubl\u00e9 ERGONOMIE : &#8211; 2 larges roues thermoplastiques POM &#8211; poign\u00e9e de transport t\u00e9lescopique r\u00e9tractable sur 2 hauteurs &#8211; 3 poign\u00e9es de transport [&hellip;]<\/p>\n","protected":false},"featured_media":9355,"template":"","meta":[],"product_brand":[],"product_cat":[204],"product_tag":[],"class_list":{"0":"post-9354","1":"product","2":"type-product","3":"status-publish","4":"has-post-thumbnail","6":"product_cat-accessoires","8":"first","9":"instock","10":"taxable","11":"shipping-taxable","12":"purchasable","13":"product-type-simple"},"_links":{"self":[{"href":"https:\/\/www.dm-boutique.fr\/index.php?rest_route=\/wp\/v2\/product\/9354","targetHints":{"allow":["GET"]}}],"collection":[{"href":"https:\/\/www.dm-boutique.fr\/index.php?rest_route=\/wp\/v2\/product"}],"about":[{"href":"https:\/\/www.dm-boutique.fr\/index.php?rest_route=\/wp\/v2\/types\/product"}],"version-history":[{"count":1,"href":"https:\/\/www.dm-boutique.fr\/index.php?rest_route=\/wp\/v2\/product\/9354\/revisions"}],"predecessor-version":[{"id":9360,"href":"https:\/\/www.dm-boutique.fr\/index.php?rest_route=\/wp\/v2\/product\/9354\/revisions\/9360"}],"wp:featuredmedia":[{"embeddable":true,"href":"https:\/\/www.dm-boutique.fr\/index.php?rest_route=\/wp\/v2\/media\/9355"}],"wp:attachment":[{"href":"https:\/\/www.dm-boutique.fr\/index.php?rest_route=%2Fwp%2Fv2%2Fmedia&parent=9354"}],"wp:term":[{"taxonomy":"product_brand","embeddable":true,"href":"https:\/\/www.dm-boutique.fr\/index.php?rest_route=%2Fwp%2Fv2%2Fproduct_brand&post=9354"},{"taxonomy":"product_cat","embeddable":true,"href":"https:\/\/www.dm-boutique.fr\/index.php?rest_route=%2Fwp%2Fv2%2Fproduct_cat&post=9354"},{"taxonomy":"product_tag","embeddable":true,"href":"https:\/\/www.dm-boutique.fr\/index.php?rest_route=%2Fwp%2Fv2%2Fproduct_tag&post=9354"}],"curies":[{"name":"wp","href":"https:\/\/api.w.org\/{rel}","templated":true}]}}