{"id":9367,"date":"2026-03-06T13:33:30","date_gmt":"2026-03-06T12:33:30","guid":{"rendered":"https:\/\/www.dm-boutique.fr\/?post_type=product&#038;p=9367"},"modified":"2026-03-06T13:34:22","modified_gmt":"2026-03-06T12:34:22","slug":"blouson-sans-manches-instructor-xmf-90-gris-beton","status":"publish","type":"product","link":"https:\/\/www.dm-boutique.fr\/?product=blouson-sans-manches-instructor-xmf-90-gris-beton","title":{"rendered":"Blouson sans manches INSTRUCTOR XMF 90 gris b\u00e9ton"},"content":{"rendered":"<div class=\"title\">FICHE TECHNIQUE<\/div>\n<div class=\"content std\">PROTECTION :<br \/>\n&#8211; indice d&rsquo;isolation thermique HEAT PROTECT Confort 15\u00b0C &gt; Extr\u00eame -5\u00b0C<br \/>\n&#8211; technologie XMF 90 en fibres synth\u00e9tiques<br \/>\n&#8211; technologie LIGHT-SHELL 2 LAYERS (2 couches)<br \/>\n&#8211; membrane X-PERF 6000\/6000 mm imperm\u00e9able et respirante<br \/>\n&#8211; traitement d\u00e9perlant DWR-TECH<br \/>\n&#8211; coupe-vent WIND-PROTECTR\u00c9SISTANCE :<br \/>\n&#8211; tissu RIPSTOP 2.5<br \/>\n&#8211; coutures principales double piq\u00fbres<\/p>\n<p>ERGONOMIE :<br \/>\n&#8211; coupe fit<br \/>\n&#8211; fermeture centrale zipp\u00e9e avec rabat int\u00e9rieur<br \/>\n&#8211; col montant<br \/>\n&#8211; taille r\u00e9glable par \u00e9lastique<\/p>\n<p>FONCTIONNALIT\u00c9 :<br \/>\n&#8211; 2 poches taille plaqu\u00e9es zipp\u00e9es<br \/>\n&#8211; 2 poches int\u00e9rieures avec fermeture par velcro<br \/>\n&#8211; label d&rsquo;identification<\/p>\n<p>TECHNICIT\u00c9 : traitement mati\u00e8re TEFLON<\/p>\n<p>COMPOSITION :<br \/>\n&#8211; mati\u00e8re principale : 100% polyester<br \/>\n&#8211; rembourrage : 100% polyester<br \/>\n&#8211; tissu certifi\u00e9 Oeko-Tex Standard 100<\/p>\n<p>COLORIS : gris b\u00e9ton<\/p>\n<p>TAILLES : du XS au 3XL<\/p>\n<p>CONSEILS D&rsquo;ENTRETIEN : lavage \u00e0 30\u00b0<\/p>\n<\/div>\n","protected":false},"excerpt":{"rendered":"<p>FICHE TECHNIQUE PROTECTION : &#8211; indice d&rsquo;isolation thermique HEAT PROTECT Confort 15\u00b0C &gt; Extr\u00eame -5\u00b0C &#8211; technologie XMF 90 en fibres synth\u00e9tiques &#8211; technologie LIGHT-SHELL 2 LAYERS (2 couches) &#8211; membrane X-PERF 6000\/6000 mm imperm\u00e9able et respirante &#8211; traitement d\u00e9perlant DWR-TECH &#8211; coupe-vent WIND-PROTECTR\u00c9SISTANCE : &#8211; tissu RIPSTOP 2.5 &#8211; coutures principales double piq\u00fbres ERGONOMIE [&hellip;]<\/p>\n","protected":false},"featured_media":9368,"template":"","meta":[],"product_brand":[],"product_cat":[201],"product_tag":[],"class_list":{"0":"post-9367","1":"product","2":"type-product","3":"status-publish","4":"has-post-thumbnail","6":"product_cat-classique","8":"first","9":"instock","10":"taxable","11":"shipping-taxable","12":"purchasable","13":"product-type-variable"},"_links":{"self":[{"href":"https:\/\/www.dm-boutique.fr\/index.php?rest_route=\/wp\/v2\/product\/9367","targetHints":{"allow":["GET"]}}],"collection":[{"href":"https:\/\/www.dm-boutique.fr\/index.php?rest_route=\/wp\/v2\/product"}],"about":[{"href":"https:\/\/www.dm-boutique.fr\/index.php?rest_route=\/wp\/v2\/types\/product"}],"version-history":[{"count":2,"href":"https:\/\/www.dm-boutique.fr\/index.php?rest_route=\/wp\/v2\/product\/9367\/revisions"}],"predecessor-version":[{"id":9381,"href":"https:\/\/www.dm-boutique.fr\/index.php?rest_route=\/wp\/v2\/product\/9367\/revisions\/9381"}],"wp:featuredmedia":[{"embeddable":true,"href":"https:\/\/www.dm-boutique.fr\/index.php?rest_route=\/wp\/v2\/media\/9368"}],"wp:attachment":[{"href":"https:\/\/www.dm-boutique.fr\/index.php?rest_route=%2Fwp%2Fv2%2Fmedia&parent=9367"}],"wp:term":[{"taxonomy":"product_brand","embeddable":true,"href":"https:\/\/www.dm-boutique.fr\/index.php?rest_route=%2Fwp%2Fv2%2Fproduct_brand&post=9367"},{"taxonomy":"product_cat","embeddable":true,"href":"https:\/\/www.dm-boutique.fr\/index.php?rest_route=%2Fwp%2Fv2%2Fproduct_cat&post=9367"},{"taxonomy":"product_tag","embeddable":true,"href":"https:\/\/www.dm-boutique.fr\/index.php?rest_route=%2Fwp%2Fv2%2Fproduct_tag&post=9367"}],"curies":[{"name":"wp","href":"https:\/\/api.w.org\/{rel}","templated":true}]}}